{"id":892,"date":"2018-06-11T09:59:37","date_gmt":"2018-06-11T08:59:37","guid":{"rendered":"https:\/\/www.sterners.se\/payment-solutions\/products\/timer-machines\/tm200-serien\/"},"modified":"2018-11-23T16:50:17","modified_gmt":"2018-11-23T15:50:17","slug":"tm200-series","status":"publish","type":"page","link":"https:\/\/www.sterners.se\/en\/payment-solutions\/products\/timer-machines\/tm200-series\/","title":{"rendered":"TM200-series"},"content":{"rendered":"<h1><a href=\"https:\/\/www.sterners.se\/wp-content\/uploads\/2018\/06\/TM200serien_bild1.jpg\" target=\"_blank\" rel=\"noopener\"><img loading=\"lazy\" class=\"alignright wp-image-345\" src=\"https:\/\/www.sterners.se\/wp-content\/uploads\/2018\/06\/TM200serien_bild1-209x300.jpg\" alt=\"\" width=\"349\" height=\"500\" srcset=\"https:\/\/www.sterners.se\/wp-content\/uploads\/2018\/06\/TM200serien_bild1-209x300.jpg 209w, https:\/\/www.sterners.se\/wp-content\/uploads\/2018\/06\/TM200serien_bild1-768x1100.jpg 768w, https:\/\/www.sterners.se\/wp-content\/uploads\/2018\/06\/TM200serien_bild1-715x1024.jpg 715w, https:\/\/www.sterners.se\/wp-content\/uploads\/2018\/06\/TM200serien_bild1-640x917.jpg 640w, https:\/\/www.sterners.se\/wp-content\/uploads\/2018\/06\/TM200serien_bild1-1024x1467.jpg 1024w, https:\/\/www.sterners.se\/wp-content\/uploads\/2018\/06\/TM200serien_bild1.jpg 1125w\" sizes=\"(max-width: 639px) 98vw, (max-width: 1199px) 64vw, 349px\" \/><\/a>TM200-series<\/h1>\n<p>TM220serien \u00e4r en serie myntautomater f\u00f6r styrning av ex. duschar, bommar, bastus, grindar, tv\u00e4ttmaskiner etc. Den kan monteras p\u00e5 v\u00e4gg p\u00e5 samma sida som kunden \u00e4r alternativt med v\u00e4ggenomf\u00f6ring f\u00f6r att mynten\/polletterna ska hamna p\u00e5 andra sidan v\u00e4ggen. TM220-serien har en manuell myntkontroll som ocks\u00e5 kan st\u00e4llas in f\u00f6r pollett. TM220 finns i ett antal varianter, somliga med display mot kund.<\/p>\n<p>Tidrel\u00e4 vilken ger tid eller puls som \u00e4r den enklaste varianten.<\/p>\n<p>Ackumulerande som ger dig m\u00f6jlighet att l\u00e5ta kunden betala med fler mynt och tiden adderas. Man kan ocks\u00e5 st\u00e4lla in startpris f\u00f6r funktionen.<\/p>\n<p>\u00d6vriga m\u00f6jligheter:<br \/>\n2st Myntr\u00e4nnor till samma funktion<br \/>\n2st Myntr\u00e4nnor till varsin funktion<br \/>\n16A\/20A\/25A Kontaktor<\/p>\n<p>TM250-serien har elektronisk myntkontroll f\u00f6r att kunna ta emot flera myntslag samt pollett i samma automat samtidigt.<\/p>\n<h4><strong>Kort teknisk information<\/strong><\/h4>\n<p>Sp\u00e4nning: 230 VAC eller 24VDC<br \/>\nM\u00e5tt B:170mm H:280mm D:112mm<\/p>\n<p><a href=\"https:\/\/www.sterners.se\/wp-content\/uploads\/2018\/06\/TM200serien-Svensk.pdf\" target=\"_blank\" rel=\"noopener\"><img loading=\"lazy\" class=\"alignleft wp-image-318\" src=\"https:\/\/www.sterners.se\/wp-content\/uploads\/2018\/06\/Produktblad_400x240-300x180.jpg\" alt=\"\" width=\"200\" height=\"120\" srcset=\"https:\/\/www.sterners.se\/wp-content\/uploads\/2018\/06\/Produktblad_400x240-300x180.jpg 300w, https:\/\/www.sterners.se\/wp-content\/uploads\/2018\/06\/Produktblad_400x240.jpg 400w\" sizes=\"(max-width: 639px) 98vw, (max-width: 1199px) 64vw, 200px\" \/><\/a><\/p>\n<p>&nbsp;<\/p>\n","protected":false},"excerpt":{"rendered":"<p>TM200-series TM220serien \u00e4r en serie myntautomater f\u00f6r styrning av ex. duschar, bommar, bastus, grindar, tv\u00e4ttmaskiner etc. Den kan monteras p\u00e5 v\u00e4gg p\u00e5 samma sida som kunden \u00e4r alternativt med v\u00e4ggenomf\u00f6ring&#8230;<\/p>\n","protected":false},"author":3,"featured_media":0,"parent":890,"menu_order":0,"comment_status":"closed","ping_status":"closed","template":"","meta":[],"yoast_head":"<!-- This site is optimized with the Yoast SEO plugin v16.1.1 - https:\/\/yoast.com\/wordpress\/plugins\/seo\/ -->\n<title>TM200-series - Sterners<\/title>\n<link rel=\"canonical\" href=\"https:\/\/www.sterners.se\/en\/payment-solutions\/products\/timer-machines\/tm200-series\/\" \/>\n<meta property=\"og:locale\" content=\"en_US\" \/>\n<meta property=\"og:type\" content=\"article\" \/>\n<meta property=\"og:title\" content=\"TM200-series - Sterners\" \/>\n<meta property=\"og:description\" content=\"TM200-series TM220serien \u00e4r en serie myntautomater f\u00f6r styrning av ex. duschar, bommar, bastus, grindar, tv\u00e4ttmaskiner etc. Den kan monteras p\u00e5 v\u00e4gg p\u00e5 samma sida som kunden \u00e4r alternativt med v\u00e4ggenomf\u00f6ring...\" \/>\n<meta property=\"og:url\" content=\"https:\/\/www.sterners.se\/en\/payment-solutions\/products\/timer-machines\/tm200-series\/\" \/>\n<meta property=\"og:site_name\" content=\"Sterners\" \/>\n<meta property=\"article:modified_time\" content=\"2018-11-23T15:50:17+00:00\" \/>\n<meta property=\"og:image\" content=\"https:\/\/www.sterners.se\/wp-content\/uploads\/2018\/06\/TM200serien_bild1-209x300.jpg\" \/>\n<meta name=\"twitter:card\" content=\"summary_large_image\" \/>\n<meta name=\"twitter:label1\" content=\"Est. reading time\">\n\t<meta name=\"twitter:data1\" content=\"1 minute\">\n<script type=\"application\/ld+json\" class=\"yoast-schema-graph\">{\"@context\":\"https:\/\/schema.org\",\"@graph\":[{\"@type\":\"WebSite\",\"@id\":\"https:\/\/www.sterners.se\/#website\",\"url\":\"https:\/\/www.sterners.se\/\",\"name\":\"Sterners\",\"description\":\"Innovative solutions you meet every day\",\"potentialAction\":[{\"@type\":\"SearchAction\",\"target\":\"https:\/\/www.sterners.se\/?s={search_term_string}\",\"query-input\":\"required name=search_term_string\"}],\"inLanguage\":\"en-US\"},{\"@type\":\"ImageObject\",\"@id\":\"https:\/\/www.sterners.se\/en\/payment-solutions\/products\/timer-machines\/tm200-series\/#primaryimage\",\"inLanguage\":\"en-US\",\"url\":\"https:\/\/www.sterners.se\/wp-content\/uploads\/2018\/06\/TM200serien_bild1.jpg\",\"contentUrl\":\"https:\/\/www.sterners.se\/wp-content\/uploads\/2018\/06\/TM200serien_bild1.jpg\",\"width\":1125,\"height\":1612},{\"@type\":\"WebPage\",\"@id\":\"https:\/\/www.sterners.se\/en\/payment-solutions\/products\/timer-machines\/tm200-series\/#webpage\",\"url\":\"https:\/\/www.sterners.se\/en\/payment-solutions\/products\/timer-machines\/tm200-series\/\",\"name\":\"TM200-series - Sterners\",\"isPartOf\":{\"@id\":\"https:\/\/www.sterners.se\/#website\"},\"primaryImageOfPage\":{\"@id\":\"https:\/\/www.sterners.se\/en\/payment-solutions\/products\/timer-machines\/tm200-series\/#primaryimage\"},\"datePublished\":\"2018-06-11T08:59:37+00:00\",\"dateModified\":\"2018-11-23T15:50:17+00:00\",\"breadcrumb\":{\"@id\":\"https:\/\/www.sterners.se\/en\/payment-solutions\/products\/timer-machines\/tm200-series\/#breadcrumb\"},\"inLanguage\":\"en-US\",\"potentialAction\":[{\"@type\":\"ReadAction\",\"target\":[\"https:\/\/www.sterners.se\/en\/payment-solutions\/products\/timer-machines\/tm200-series\/\"]}]},{\"@type\":\"BreadcrumbList\",\"@id\":\"https:\/\/www.sterners.se\/en\/payment-solutions\/products\/timer-machines\/tm200-series\/#breadcrumb\",\"itemListElement\":[{\"@type\":\"ListItem\",\"position\":1,\"item\":{\"@type\":\"WebPage\",\"@id\":\"https:\/\/www.sterners.se\/en\/\",\"url\":\"https:\/\/www.sterners.se\/en\/\",\"name\":\"Home\"}},{\"@type\":\"ListItem\",\"position\":2,\"item\":{\"@type\":\"WebPage\",\"@id\":\"https:\/\/www.sterners.se\/en\/payment-solutions\/\",\"url\":\"https:\/\/www.sterners.se\/en\/payment-solutions\/\",\"name\":\"Payment solutions\"}},{\"@type\":\"ListItem\",\"position\":3,\"item\":{\"@type\":\"WebPage\",\"@id\":\"https:\/\/www.sterners.se\/en\/payment-solutions\/products\/\",\"url\":\"https:\/\/www.sterners.se\/en\/payment-solutions\/products\/\",\"name\":\"Products\"}},{\"@type\":\"ListItem\",\"position\":4,\"item\":{\"@type\":\"WebPage\",\"@id\":\"https:\/\/www.sterners.se\/en\/payment-solutions\/products\/timer-machines\/\",\"url\":\"https:\/\/www.sterners.se\/en\/payment-solutions\/products\/timer-machines\/\",\"name\":\"Timer-machines\"}},{\"@type\":\"ListItem\",\"position\":5,\"item\":{\"@type\":\"WebPage\",\"@id\":\"https:\/\/www.sterners.se\/en\/payment-solutions\/products\/timer-machines\/tm200-series\/\",\"url\":\"https:\/\/www.sterners.se\/en\/payment-solutions\/products\/timer-machines\/tm200-series\/\",\"name\":\"TM200-series\"}}]}]}<\/script>\n<!-- \/ Yoast SEO plugin. -->","_links":{"self":[{"href":"https:\/\/www.sterners.se\/en\/wp-json\/wp\/v2\/pages\/892"}],"collection":[{"href":"https:\/\/www.sterners.se\/en\/wp-json\/wp\/v2\/pages"}],"about":[{"href":"https:\/\/www.sterners.se\/en\/wp-json\/wp\/v2\/types\/page"}],"author":[{"embeddable":true,"href":"https:\/\/www.sterners.se\/en\/wp-json\/wp\/v2\/users\/3"}],"replies":[{"embeddable":true,"href":"https:\/\/www.sterners.se\/en\/wp-json\/wp\/v2\/comments?post=892"}],"version-history":[{"count":2,"href":"https:\/\/www.sterners.se\/en\/wp-json\/wp\/v2\/pages\/892\/revisions"}],"predecessor-version":[{"id":1266,"href":"https:\/\/www.sterners.se\/en\/wp-json\/wp\/v2\/pages\/892\/revisions\/1266"}],"up":[{"embeddable":true,"href":"https:\/\/www.sterners.se\/en\/wp-json\/wp\/v2\/pages\/890"}],"wp:attachment":[{"href":"https:\/\/www.sterners.se\/en\/wp-json\/wp\/v2\/media?parent=892"}],"curies":[{"name":"wp","href":"https:\/\/api.w.org\/{rel}","templated":true}]}}