{"id":891,"date":"2018-06-11T09:59:27","date_gmt":"2018-06-11T08:59:27","guid":{"rendered":"https:\/\/www.sterners.se\/payment-solutions\/products\/timer-machines\/noder\/"},"modified":"2018-11-23T16:36:46","modified_gmt":"2018-11-23T15:36:46","slug":"noder","status":"publish","type":"page","link":"https:\/\/www.sterners.se\/en\/payment-solutions\/products\/timer-machines\/noder\/","title":{"rendered":"NODer"},"content":{"rendered":"<h1><a href=\"https:\/\/www.sterners.se\/wp-content\/uploads\/2018\/06\/NODer_bild1.jpg\" target=\"_blank\" rel=\"noopener\"><img loading=\"lazy\" class=\"alignright wp-image-342\" src=\"https:\/\/www.sterners.se\/wp-content\/uploads\/2018\/06\/NODer_bild1-197x300.jpg\" alt=\"\" width=\"361\" height=\"550\" srcset=\"https:\/\/www.sterners.se\/wp-content\/uploads\/2018\/06\/NODer_bild1-197x300.jpg 197w, https:\/\/www.sterners.se\/wp-content\/uploads\/2018\/06\/NODer_bild1-768x1171.jpg 768w, https:\/\/www.sterners.se\/wp-content\/uploads\/2018\/06\/NODer_bild1-672x1024.jpg 672w, https:\/\/www.sterners.se\/wp-content\/uploads\/2018\/06\/NODer_bild1-640x976.jpg 640w, https:\/\/www.sterners.se\/wp-content\/uploads\/2018\/06\/NODer_bild1.jpg 982w\" sizes=\"(max-width: 639px) 98vw, (max-width: 1199px) 64vw, 361px\" \/><\/a><\/h1>\n<h1>NODer<\/h1>\n<p>F\u00f6r att kunna styra extern utrustning som t.ex. programv\u00e4ljare f\u00f6r biltv\u00e4ttar, sols\u00e4ngar etc. s\u00e5 finns ett\u00a0antal varianter p\u00e5 NODer.<\/p>\n<h4>Kundfunktioner<\/h4>\n<p>RFID-\/V\u00e4rde-\/Faktureringskort<br \/>\n\u201dBetala till tv\u00e4ttplats\u201d<br \/>\n\u00d6verf\u00f6ring av pengar till funktion<br \/>\nKOD<\/p>\n<h4>Varianter<\/h4>\n<p>F\u00f6r inbyggnad i programv\u00e4ljare<br \/>\nMilj\u00f6skyddad f\u00f6r inbyggnad<br \/>\nKapslad f\u00f6r externt montage<\/p>\n<p><a href=\"https:\/\/www.sterners.se\/wp-content\/uploads\/2018\/06\/NODer-Svensk.pdf\" target=\"_blank\" rel=\"noopener\"><img loading=\"lazy\" class=\"alignleft wp-image-318 size-medium\" src=\"https:\/\/www.sterners.se\/wp-content\/uploads\/2018\/06\/Produktblad_400x240-300x180.jpg\" alt=\"\" width=\"300\" height=\"180\" srcset=\"https:\/\/www.sterners.se\/wp-content\/uploads\/2018\/06\/Produktblad_400x240-300x180.jpg 300w, https:\/\/www.sterners.se\/wp-content\/uploads\/2018\/06\/Produktblad_400x240.jpg 400w\" sizes=\"(max-width: 639px) 98vw, (max-width: 1199px) 64vw, 300px\" \/><\/a><\/p>\n","protected":false},"excerpt":{"rendered":"<p>NODer F\u00f6r att kunna styra extern utrustning som t.ex. programv\u00e4ljare f\u00f6r biltv\u00e4ttar, sols\u00e4ngar etc. s\u00e5 finns ett\u00a0antal varianter p\u00e5 NODer. Kundfunktioner RFID-\/V\u00e4rde-\/Faktureringskort \u201dBetala till tv\u00e4ttplats\u201d \u00d6verf\u00f6ring av pengar till funktion&#8230;<\/p>\n","protected":false},"author":3,"featured_media":0,"parent":890,"menu_order":0,"comment_status":"closed","ping_status":"closed","template":"","meta":[],"yoast_head":"<!-- This site is optimized with the Yoast SEO plugin v16.1.1 - https:\/\/yoast.com\/wordpress\/plugins\/seo\/ -->\n<title>NODer - Sterners<\/title>\n<link rel=\"canonical\" href=\"https:\/\/www.sterners.se\/en\/payment-solutions\/products\/timer-machines\/noder\/\" \/>\n<meta property=\"og:locale\" content=\"en_US\" \/>\n<meta property=\"og:type\" content=\"article\" \/>\n<meta property=\"og:title\" content=\"NODer - Sterners\" \/>\n<meta property=\"og:description\" content=\"NODer F\u00f6r att kunna styra extern utrustning som t.ex. programv\u00e4ljare f\u00f6r biltv\u00e4ttar, sols\u00e4ngar etc. s\u00e5 finns ett\u00a0antal varianter p\u00e5 NODer. Kundfunktioner RFID-\/V\u00e4rde-\/Faktureringskort \u201dBetala till tv\u00e4ttplats\u201d \u00d6verf\u00f6ring av pengar till funktion...\" \/>\n<meta property=\"og:url\" content=\"https:\/\/www.sterners.se\/en\/payment-solutions\/products\/timer-machines\/noder\/\" \/>\n<meta property=\"og:site_name\" content=\"Sterners\" \/>\n<meta property=\"article:modified_time\" content=\"2018-11-23T15:36:46+00:00\" \/>\n<meta property=\"og:image\" content=\"https:\/\/www.sterners.se\/wp-content\/uploads\/2018\/06\/NODer_bild1-197x300.jpg\" \/>\n<meta name=\"twitter:card\" content=\"summary_large_image\" \/>\n<script type=\"application\/ld+json\" class=\"yoast-schema-graph\">{\"@context\":\"https:\/\/schema.org\",\"@graph\":[{\"@type\":\"WebSite\",\"@id\":\"https:\/\/www.sterners.se\/#website\",\"url\":\"https:\/\/www.sterners.se\/\",\"name\":\"Sterners\",\"description\":\"Innovative solutions you meet every day\",\"potentialAction\":[{\"@type\":\"SearchAction\",\"target\":\"https:\/\/www.sterners.se\/?s={search_term_string}\",\"query-input\":\"required name=search_term_string\"}],\"inLanguage\":\"en-US\"},{\"@type\":\"ImageObject\",\"@id\":\"https:\/\/www.sterners.se\/en\/payment-solutions\/products\/timer-machines\/noder\/#primaryimage\",\"inLanguage\":\"en-US\",\"url\":\"https:\/\/www.sterners.se\/wp-content\/uploads\/2018\/06\/NODer_bild1.jpg\",\"contentUrl\":\"https:\/\/www.sterners.se\/wp-content\/uploads\/2018\/06\/NODer_bild1.jpg\",\"width\":982,\"height\":1497},{\"@type\":\"WebPage\",\"@id\":\"https:\/\/www.sterners.se\/en\/payment-solutions\/products\/timer-machines\/noder\/#webpage\",\"url\":\"https:\/\/www.sterners.se\/en\/payment-solutions\/products\/timer-machines\/noder\/\",\"name\":\"NODer - Sterners\",\"isPartOf\":{\"@id\":\"https:\/\/www.sterners.se\/#website\"},\"primaryImageOfPage\":{\"@id\":\"https:\/\/www.sterners.se\/en\/payment-solutions\/products\/timer-machines\/noder\/#primaryimage\"},\"datePublished\":\"2018-06-11T08:59:27+00:00\",\"dateModified\":\"2018-11-23T15:36:46+00:00\",\"breadcrumb\":{\"@id\":\"https:\/\/www.sterners.se\/en\/payment-solutions\/products\/timer-machines\/noder\/#breadcrumb\"},\"inLanguage\":\"en-US\",\"potentialAction\":[{\"@type\":\"ReadAction\",\"target\":[\"https:\/\/www.sterners.se\/en\/payment-solutions\/products\/timer-machines\/noder\/\"]}]},{\"@type\":\"BreadcrumbList\",\"@id\":\"https:\/\/www.sterners.se\/en\/payment-solutions\/products\/timer-machines\/noder\/#breadcrumb\",\"itemListElement\":[{\"@type\":\"ListItem\",\"position\":1,\"item\":{\"@type\":\"WebPage\",\"@id\":\"https:\/\/www.sterners.se\/en\/\",\"url\":\"https:\/\/www.sterners.se\/en\/\",\"name\":\"Home\"}},{\"@type\":\"ListItem\",\"position\":2,\"item\":{\"@type\":\"WebPage\",\"@id\":\"https:\/\/www.sterners.se\/en\/payment-solutions\/\",\"url\":\"https:\/\/www.sterners.se\/en\/payment-solutions\/\",\"name\":\"Payment solutions\"}},{\"@type\":\"ListItem\",\"position\":3,\"item\":{\"@type\":\"WebPage\",\"@id\":\"https:\/\/www.sterners.se\/en\/payment-solutions\/products\/\",\"url\":\"https:\/\/www.sterners.se\/en\/payment-solutions\/products\/\",\"name\":\"Products\"}},{\"@type\":\"ListItem\",\"position\":4,\"item\":{\"@type\":\"WebPage\",\"@id\":\"https:\/\/www.sterners.se\/en\/payment-solutions\/products\/timer-machines\/\",\"url\":\"https:\/\/www.sterners.se\/en\/payment-solutions\/products\/timer-machines\/\",\"name\":\"Timer-machines\"}},{\"@type\":\"ListItem\",\"position\":5,\"item\":{\"@type\":\"WebPage\",\"@id\":\"https:\/\/www.sterners.se\/en\/payment-solutions\/products\/timer-machines\/noder\/\",\"url\":\"https:\/\/www.sterners.se\/en\/payment-solutions\/products\/timer-machines\/noder\/\",\"name\":\"NODer\"}}]}]}<\/script>\n<!-- \/ Yoast SEO plugin. -->","_links":{"self":[{"href":"https:\/\/www.sterners.se\/en\/wp-json\/wp\/v2\/pages\/891"}],"collection":[{"href":"https:\/\/www.sterners.se\/en\/wp-json\/wp\/v2\/pages"}],"about":[{"href":"https:\/\/www.sterners.se\/en\/wp-json\/wp\/v2\/types\/page"}],"author":[{"embeddable":true,"href":"https:\/\/www.sterners.se\/en\/wp-json\/wp\/v2\/users\/3"}],"replies":[{"embeddable":true,"href":"https:\/\/www.sterners.se\/en\/wp-json\/wp\/v2\/comments?post=891"}],"version-history":[{"count":1,"href":"https:\/\/www.sterners.se\/en\/wp-json\/wp\/v2\/pages\/891\/revisions"}],"predecessor-version":[{"id":1263,"href":"https:\/\/www.sterners.se\/en\/wp-json\/wp\/v2\/pages\/891\/revisions\/1263"}],"up":[{"embeddable":true,"href":"https:\/\/www.sterners.se\/en\/wp-json\/wp\/v2\/pages\/890"}],"wp:attachment":[{"href":"https:\/\/www.sterners.se\/en\/wp-json\/wp\/v2\/media?parent=891"}],"curies":[{"name":"wp","href":"https:\/\/api.w.org\/{rel}","templated":true}]}}