{"id":887,"date":"2018-06-11T09:58:19","date_gmt":"2018-06-11T08:58:19","guid":{"rendered":"https:\/\/www.sterners.se\/payment-solutions\/products\/touchscreen-guided-machines\/sun650\/"},"modified":"2018-11-23T16:37:29","modified_gmt":"2018-11-23T15:37:29","slug":"sun650","status":"publish","type":"page","link":"https:\/\/www.sterners.se\/en\/payment-solutions\/products\/touchscreen-guided-machines\/sun650\/","title":{"rendered":"Sun650"},"content":{"rendered":"<h1><strong><em><a href=\"https:\/\/www.sterners.se\/wp-content\/uploads\/2018\/06\/Sun650_bild1.jpg\" target=\"_blank\" rel=\"noopener\"><img loading=\"lazy\" class=\"alignright wp-image-340\" src=\"https:\/\/www.sterners.se\/wp-content\/uploads\/2018\/06\/Sun650_bild1-254x300.jpg\" alt=\"\" width=\"466\" height=\"550\" srcset=\"https:\/\/www.sterners.se\/wp-content\/uploads\/2018\/06\/Sun650_bild1-254x300.jpg 254w, https:\/\/www.sterners.se\/wp-content\/uploads\/2018\/06\/Sun650_bild1-768x906.jpg 768w, https:\/\/www.sterners.se\/wp-content\/uploads\/2018\/06\/Sun650_bild1-868x1024.jpg 868w, https:\/\/www.sterners.se\/wp-content\/uploads\/2018\/06\/Sun650_bild1-640x755.jpg 640w, https:\/\/www.sterners.se\/wp-content\/uploads\/2018\/06\/Sun650_bild1-1024x1208.jpg 1024w, https:\/\/www.sterners.se\/wp-content\/uploads\/2018\/06\/Sun650_bild1-1200x1416.jpg 1200w, https:\/\/www.sterners.se\/wp-content\/uploads\/2018\/06\/Sun650_bild1.jpg 1241w\" sizes=\"(max-width: 639px) 98vw, (max-width: 1199px) 64vw, 466px\" \/><\/a>Sun650<\/em><\/strong><\/h1>\n<p>Sun650 \u00e4r en betalautomat avsedd att monteras p\u00e5 v\u00e4gg inomhus. Betalautomaten riktar sig mot solstudios. Med enkla tryckningar p\u00e5 en sj\u00e4lvf\u00f6rklarande peksk\u00e4rm v\u00e4ljer kunden produkter eller funktioner. Direktstyrning av sols\u00e4ngar och varuautomater.<\/p>\n<p>Betalningsalternativ f\u00f6r kunden:<br \/>\nVisa\/Mastercard<br \/>\nAPP<\/p>\n<h4><strong>Kort teknisk information<\/strong><\/h4>\n<p>Internetanslutning: Fast eller mobilt<br \/>\nPeksk\u00e4rm: 17&#8243;<br \/>\nM\u00e5tt: B:560mm H:660mm D:285mm<\/p>\n<h4><strong>Options<\/strong><\/h4>\n<p>Styrkort f\u00f6r sols\u00e4ngar<br \/>\nDirektstyrning av Varuautomat<\/p>\n<p><a href=\"https:\/\/www.sterners.se\/wp-content\/uploads\/2018\/06\/Sun650-Svensk.pdf\" target=\"_blank\" rel=\"noopener\"><img loading=\"lazy\" class=\"alignleft wp-image-318\" src=\"https:\/\/www.sterners.se\/wp-content\/uploads\/2018\/06\/Produktblad_400x240-300x180.jpg\" alt=\"\" width=\"200\" height=\"120\" srcset=\"https:\/\/www.sterners.se\/wp-content\/uploads\/2018\/06\/Produktblad_400x240-300x180.jpg 300w, https:\/\/www.sterners.se\/wp-content\/uploads\/2018\/06\/Produktblad_400x240.jpg 400w\" sizes=\"(max-width: 639px) 98vw, (max-width: 1199px) 64vw, 200px\" \/><\/a><\/p>\n","protected":false},"excerpt":{"rendered":"<p>Sun650 Sun650 \u00e4r en betalautomat avsedd att monteras p\u00e5 v\u00e4gg inomhus. Betalautomaten riktar sig mot solstudios. Med enkla tryckningar p\u00e5 en sj\u00e4lvf\u00f6rklarande peksk\u00e4rm v\u00e4ljer kunden produkter eller funktioner. Direktstyrning av&#8230;<\/p>\n","protected":false},"author":3,"featured_media":0,"parent":882,"menu_order":0,"comment_status":"closed","ping_status":"closed","template":"","meta":[],"yoast_head":"<!-- This site is optimized with the Yoast SEO plugin v16.1.1 - https:\/\/yoast.com\/wordpress\/plugins\/seo\/ -->\n<title>Sun650 - Sterners<\/title>\n<link rel=\"canonical\" href=\"https:\/\/www.sterners.se\/en\/payment-solutions\/products\/touchscreen-guided-machines\/sun650\/\" \/>\n<meta property=\"og:locale\" content=\"en_US\" \/>\n<meta property=\"og:type\" content=\"article\" \/>\n<meta property=\"og:title\" content=\"Sun650 - Sterners\" \/>\n<meta property=\"og:description\" content=\"Sun650 Sun650 \u00e4r en betalautomat avsedd att monteras p\u00e5 v\u00e4gg inomhus. Betalautomaten riktar sig mot solstudios. Med enkla tryckningar p\u00e5 en sj\u00e4lvf\u00f6rklarande peksk\u00e4rm v\u00e4ljer kunden produkter eller funktioner. Direktstyrning av...\" \/>\n<meta property=\"og:url\" content=\"https:\/\/www.sterners.se\/en\/payment-solutions\/products\/touchscreen-guided-machines\/sun650\/\" \/>\n<meta property=\"og:site_name\" content=\"Sterners\" \/>\n<meta property=\"article:modified_time\" content=\"2018-11-23T15:37:29+00:00\" \/>\n<meta property=\"og:image\" content=\"https:\/\/www.sterners.se\/wp-content\/uploads\/2018\/06\/Sun650_bild1-254x300.jpg\" \/>\n<meta name=\"twitter:card\" content=\"summary_large_image\" \/>\n<script type=\"application\/ld+json\" class=\"yoast-schema-graph\">{\"@context\":\"https:\/\/schema.org\",\"@graph\":[{\"@type\":\"WebSite\",\"@id\":\"https:\/\/www.sterners.se\/#website\",\"url\":\"https:\/\/www.sterners.se\/\",\"name\":\"Sterners\",\"description\":\"Innovative solutions you meet every day\",\"potentialAction\":[{\"@type\":\"SearchAction\",\"target\":\"https:\/\/www.sterners.se\/?s={search_term_string}\",\"query-input\":\"required name=search_term_string\"}],\"inLanguage\":\"en-US\"},{\"@type\":\"ImageObject\",\"@id\":\"https:\/\/www.sterners.se\/en\/payment-solutions\/products\/touchscreen-guided-machines\/sun650\/#primaryimage\",\"inLanguage\":\"en-US\",\"url\":\"https:\/\/www.sterners.se\/wp-content\/uploads\/2018\/06\/Sun650_bild1.jpg\",\"contentUrl\":\"https:\/\/www.sterners.se\/wp-content\/uploads\/2018\/06\/Sun650_bild1.jpg\",\"width\":1241,\"height\":1464},{\"@type\":\"WebPage\",\"@id\":\"https:\/\/www.sterners.se\/en\/payment-solutions\/products\/touchscreen-guided-machines\/sun650\/#webpage\",\"url\":\"https:\/\/www.sterners.se\/en\/payment-solutions\/products\/touchscreen-guided-machines\/sun650\/\",\"name\":\"Sun650 - Sterners\",\"isPartOf\":{\"@id\":\"https:\/\/www.sterners.se\/#website\"},\"primaryImageOfPage\":{\"@id\":\"https:\/\/www.sterners.se\/en\/payment-solutions\/products\/touchscreen-guided-machines\/sun650\/#primaryimage\"},\"datePublished\":\"2018-06-11T08:58:19+00:00\",\"dateModified\":\"2018-11-23T15:37:29+00:00\",\"breadcrumb\":{\"@id\":\"https:\/\/www.sterners.se\/en\/payment-solutions\/products\/touchscreen-guided-machines\/sun650\/#breadcrumb\"},\"inLanguage\":\"en-US\",\"potentialAction\":[{\"@type\":\"ReadAction\",\"target\":[\"https:\/\/www.sterners.se\/en\/payment-solutions\/products\/touchscreen-guided-machines\/sun650\/\"]}]},{\"@type\":\"BreadcrumbList\",\"@id\":\"https:\/\/www.sterners.se\/en\/payment-solutions\/products\/touchscreen-guided-machines\/sun650\/#breadcrumb\",\"itemListElement\":[{\"@type\":\"ListItem\",\"position\":1,\"item\":{\"@type\":\"WebPage\",\"@id\":\"https:\/\/www.sterners.se\/en\/\",\"url\":\"https:\/\/www.sterners.se\/en\/\",\"name\":\"Home\"}},{\"@type\":\"ListItem\",\"position\":2,\"item\":{\"@type\":\"WebPage\",\"@id\":\"https:\/\/www.sterners.se\/en\/payment-solutions\/\",\"url\":\"https:\/\/www.sterners.se\/en\/payment-solutions\/\",\"name\":\"Payment solutions\"}},{\"@type\":\"ListItem\",\"position\":3,\"item\":{\"@type\":\"WebPage\",\"@id\":\"https:\/\/www.sterners.se\/en\/payment-solutions\/products\/\",\"url\":\"https:\/\/www.sterners.se\/en\/payment-solutions\/products\/\",\"name\":\"Products\"}},{\"@type\":\"ListItem\",\"position\":4,\"item\":{\"@type\":\"WebPage\",\"@id\":\"https:\/\/www.sterners.se\/en\/payment-solutions\/products\/touchscreen-guided-machines\/\",\"url\":\"https:\/\/www.sterners.se\/en\/payment-solutions\/products\/touchscreen-guided-machines\/\",\"name\":\"Touchscreen guided machines\"}},{\"@type\":\"ListItem\",\"position\":5,\"item\":{\"@type\":\"WebPage\",\"@id\":\"https:\/\/www.sterners.se\/en\/payment-solutions\/products\/touchscreen-guided-machines\/sun650\/\",\"url\":\"https:\/\/www.sterners.se\/en\/payment-solutions\/products\/touchscreen-guided-machines\/sun650\/\",\"name\":\"Sun650\"}}]}]}<\/script>\n<!-- \/ Yoast SEO plugin. -->","_links":{"self":[{"href":"https:\/\/www.sterners.se\/en\/wp-json\/wp\/v2\/pages\/887"}],"collection":[{"href":"https:\/\/www.sterners.se\/en\/wp-json\/wp\/v2\/pages"}],"about":[{"href":"https:\/\/www.sterners.se\/en\/wp-json\/wp\/v2\/types\/page"}],"author":[{"embeddable":true,"href":"https:\/\/www.sterners.se\/en\/wp-json\/wp\/v2\/users\/3"}],"replies":[{"embeddable":true,"href":"https:\/\/www.sterners.se\/en\/wp-json\/wp\/v2\/comments?post=887"}],"version-history":[{"count":1,"href":"https:\/\/www.sterners.se\/en\/wp-json\/wp\/v2\/pages\/887\/revisions"}],"predecessor-version":[{"id":1264,"href":"https:\/\/www.sterners.se\/en\/wp-json\/wp\/v2\/pages\/887\/revisions\/1264"}],"up":[{"embeddable":true,"href":"https:\/\/www.sterners.se\/en\/wp-json\/wp\/v2\/pages\/882"}],"wp:attachment":[{"href":"https:\/\/www.sterners.se\/en\/wp-json\/wp\/v2\/media?parent=887"}],"curies":[{"name":"wp","href":"https:\/\/api.w.org\/{rel}","templated":true}]}}