{"id":1639,"date":"2020-03-13T15:37:40","date_gmt":"2020-03-13T14:37:40","guid":{"rendered":"https:\/\/www.sterners.se\/ueber-uns\/unsere-geschichte\/"},"modified":"2020-03-13T15:37:40","modified_gmt":"2020-03-13T14:37:40","slug":"unsere-geschichte","status":"publish","type":"page","link":"https:\/\/www.sterners.se\/de\/ueber-uns\/unsere-geschichte\/","title":{"rendered":"Unsere Geschichte"},"content":{"rendered":"\t\t<div data-elementor-type=\"wp-post\" data-elementor-id=\"1639\" class=\"elementor elementor-1639 elementor-37 elementor-bc-flex-widget\" data-elementor-settings=\"[]\">\n\t\t\t\t\t\t<div class=\"elementor-inner\">\n\t\t\t\t\t\t\t<div class=\"elementor-section-wrap\">\n\t\t\t\t\t\t\t<section class=\"elementor-section elementor-top-section elementor-element elementor-element-111f04e elementor-section-boxed elementor-section-height-default elementor-section-height-default\" data-id=\"111f04e\" data-element_type=\"section\">\n\t\t\t\t\t\t<div class=\"elementor-container elementor-column-gap-default\">\n\t\t\t\t\t\t\t<div class=\"elementor-row\">\n\t\t\t\t\t<div class=\"elementor-column elementor-col-50 elementor-top-column elementor-element elementor-element-28382b0\" data-id=\"28382b0\" data-element_type=\"column\">\n\t\t\t<div class=\"elementor-column-wrap elementor-element-populated\">\n\t\t\t\t\t\t\t<div class=\"elementor-widget-wrap\">\n\t\t\t\t\t\t<div class=\"elementor-element elementor-element-87a6de1 elementor-widget elementor-widget-spacer\" data-id=\"87a6de1\" data-element_type=\"widget\" data-widget_type=\"spacer.default\">\n\t\t\t\t<div class=\"elementor-widget-container\">\n\t\t\t\t\t<div class=\"elementor-spacer\">\n\t\t\t<div class=\"elementor-spacer-inner\"><\/div>\n\t\t<\/div>\n\t\t\t\t<\/div>\n\t\t\t\t<\/div>\n\t\t\t\t<div class=\"elementor-element elementor-element-edab103 elementor-widget elementor-widget-text-editor\" data-id=\"edab103\" data-element_type=\"widget\" data-widget_type=\"text-editor.default\">\n\t\t\t\t<div class=\"elementor-widget-container\">\n\t\t\t\t\t\t\t\t<div class=\"elementor-text-editor elementor-clearfix\">\n\t\t\t\t\t<h3>Alles hat eine Geschichte<\/h3>\n<h6>Ein roter faden l\u00e4uft durch unsere Geschichte &#8211; Bed\u00fcrfnisse sehen und L\u00f6sungen zu finden, die den Alltag f\u00fcr Menschen erleichtern<\/h6>\n<p>Erfolg w\u00e4chst aus Treibkraft und Zielbewusstsein und dem Willen L\u00f6sungen zu finden, neue Wege zu gehen. 1946 erwarb Erik U Sterner die Firma, deren Produktion haupts\u00e4chlich aus grober Metallbearbeitung bestand. Der Modernisierungsbedarf war gross.<br \/>\nErik sah ein Bild von einer Neumodigkeit in Amerika \u2013 ein Warenautomat. Er sah die M\u00f6glichkeiten und bestimmte sich: \u201dSo ein Produkt werde ich hier herstellen\u201d. Neue Maschinen wurden angeschafft und Kompetenz aufgebaut. Anfang der 50-er startete die Post eine Ausschreibung f\u00fcr die Entwicklung von Briefmarkenautomaten. Sterners entwickelte ein ideales Modell und gewann. 1952 wurden die ersten Automaten geliefert. Anfangs in Schweden, sp\u00e4ter auch mit Erfolg im Ausland. Bis Anfang der 80-er produzierte man die Briefmarkenautomaten, 80% f\u00fcr den Export.<br \/>\nParallel dazu kamen mehr Neuigkeiten, M\u00fcnzautomaten, die immernoch f\u00fcr den Gebrauch auf Campingpl\u00e4tzen, in Duschen, Solarien, \u00f6ffentliche Toiletten usw. herrgestellt werden. Wechselautomaten, Ticketautomaten, Schuhputz-, Warenautomaten, Bezahlstationen f\u00fcr Bezahlkarten und Automaten f\u00fcr Scheibenwaschmittel. Heute sind unsere Automaten f\u00fcr die bargeldlose Benutzung angepasst.<br \/>\n2013 wurde die Firma Indauto ein Teil von Sterners. Eine Firma mit Kompetenz im Gebiet Schaltschr\u00e4nke und Metallbearbeitung.<br \/>\n2016 wurde die Firma Mercur erworben. Mercur-produkte, gemeinsam mit den von Sterners entwickelten Scheibenwaschmittelautomaten, erbieten heute ein komplettes Sortiment f\u00fcr die Aussenausstattung von Tankstellen und Autopflegeanlagen.<br \/>\nDas Familienuntenehmen Sterners \u2013 nun in der dritten Generation \u2013 steht nach wie vor f\u00fcr Innovation und Weiterentwicklung. Ein genuines Intreresse, den Alltag von Menschen zu erleichtern.<\/p>\n\t\t\t\t\t<\/div>\n\t\t\t\t\t\t<\/div>\n\t\t\t\t<\/div>\n\t\t\t\t\t\t<\/div>\n\t\t\t\t\t<\/div>\n\t\t<\/div>\n\t\t\t\t<div class=\"elementor-column elementor-col-50 elementor-top-column elementor-element elementor-element-b2321a4\" data-id=\"b2321a4\" data-element_type=\"column\">\n\t\t\t<div class=\"elementor-column-wrap elementor-element-populated\">\n\t\t\t\t\t\t\t<div class=\"elementor-widget-wrap\">\n\t\t\t\t\t\t<div class=\"elementor-element elementor-element-18fd9aa elementor-widget elementor-widget-spacer\" data-id=\"18fd9aa\" data-element_type=\"widget\" data-widget_type=\"spacer.default\">\n\t\t\t\t<div class=\"elementor-widget-container\">\n\t\t\t\t\t<div class=\"elementor-spacer\">\n\t\t\t<div class=\"elementor-spacer-inner\"><\/div>\n\t\t<\/div>\n\t\t\t\t<\/div>\n\t\t\t\t<\/div>\n\t\t\t\t<div class=\"elementor-element elementor-element-45a4f5d elementor-widget elementor-widget-image\" data-id=\"45a4f5d\" data-element_type=\"widget\" data-widget_type=\"image.default\">\n\t\t\t\t<div class=\"elementor-widget-container\">\n\t\t\t\t\t\t\t\t<div class=\"elementor-image\">\n\t\t\t\t\t\t\t\t\t\t\t\t<img width=\"920\" height=\"1024\" src=\"https:\/\/www.sterners.se\/wp-content\/uploads\/2018\/05\/foretaget-historia1_2000pt-920x1024.jpg\" class=\"attachment-large size-large\" alt=\"\" loading=\"lazy\" srcset=\"https:\/\/www.sterners.se\/wp-content\/uploads\/2018\/05\/foretaget-historia1_2000pt-920x1024.jpg 920w, https:\/\/www.sterners.se\/wp-content\/uploads\/2018\/05\/foretaget-historia1_2000pt-269x300.jpg 269w, https:\/\/www.sterners.se\/wp-content\/uploads\/2018\/05\/foretaget-historia1_2000pt-768x855.jpg 768w, https:\/\/www.sterners.se\/wp-content\/uploads\/2018\/05\/foretaget-historia1_2000pt-640x713.jpg 640w, https:\/\/www.sterners.se\/wp-content\/uploads\/2018\/05\/foretaget-historia1_2000pt-1024x1140.jpg 1024w, https:\/\/www.sterners.se\/wp-content\/uploads\/2018\/05\/foretaget-historia1_2000pt-1200x1336.jpg 1200w, https:\/\/www.sterners.se\/wp-content\/uploads\/2018\/05\/foretaget-historia1_2000pt-1920x2138.jpg 1920w, https:\/\/www.sterners.se\/wp-content\/uploads\/2018\/05\/foretaget-historia1_2000pt.jpg 2000w\" sizes=\"(max-width: 639px) 98vw, (max-width: 1199px) 64vw, 770px\" \/>\t\t\t\t\t\t\t\t\t\t\t\t\t\t<\/div>\n\t\t\t\t\t\t<\/div>\n\t\t\t\t<\/div>\n\t\t\t\t\t\t<\/div>\n\t\t\t\t\t<\/div>\n\t\t<\/div>\n\t\t\t\t\t\t\t\t<\/div>\n\t\t\t\t\t<\/div>\n\t\t<\/section>\n\t\t\t\t\t\t<\/div>\n\t\t\t\t\t\t<\/div>\n\t\t\t\t\t<\/div>\n\t\t","protected":false},"excerpt":{"rendered":"<p>Alles hat eine Geschichte Ein roter faden l\u00e4uft durch unsere Geschichte &#8211; Bed\u00fcrfnisse sehen und L\u00f6sungen zu finden, die den Alltag f\u00fcr Menschen erleichtern Erfolg w\u00e4chst aus Treibkraft und Zielbewusstsein&#8230;<\/p>\n","protected":false},"author":3,"featured_media":1703,"parent":1638,"menu_order":0,"comment_status":"closed","ping_status":"closed","template":"","meta":[],"yoast_head":"<!-- This site is optimized with the Yoast SEO plugin v16.1.1 - https:\/\/yoast.com\/wordpress\/plugins\/seo\/ -->\n<title>Unsere Geschichte - Sterners<\/title>\n<link rel=\"canonical\" href=\"https:\/\/www.sterners.se\/de\/ueber-uns\/unsere-geschichte\/\" \/>\n<meta property=\"og:locale\" content=\"de_DE\" \/>\n<meta property=\"og:type\" content=\"article\" \/>\n<meta property=\"og:title\" content=\"Unsere Geschichte - Sterners\" \/>\n<meta property=\"og:description\" content=\"Alles hat eine Geschichte Ein roter faden l\u00e4uft durch unsere Geschichte &#8211; Bed\u00fcrfnisse sehen und L\u00f6sungen zu finden, die den Alltag f\u00fcr Menschen erleichtern Erfolg w\u00e4chst aus Treibkraft und Zielbewusstsein...\" \/>\n<meta property=\"og:url\" content=\"https:\/\/www.sterners.se\/de\/ueber-uns\/unsere-geschichte\/\" \/>\n<meta property=\"og:site_name\" content=\"Sterners\" \/>\n<meta property=\"og:image\" content=\"https:\/\/www.sterners.se\/wp-content\/uploads\/2018\/05\/foretaget-historia1_2000pt-920x1024.jpg\" \/>\n<meta name=\"twitter:card\" content=\"summary_large_image\" \/>\n<meta name=\"twitter:label1\" content=\"Gesch\u00e4tzte Lesezeit\">\n\t<meta name=\"twitter:data1\" content=\"1\u00a0Minute\">\n<script type=\"application\/ld+json\" class=\"yoast-schema-graph\">{\"@context\":\"https:\/\/schema.org\",\"@graph\":[{\"@type\":\"WebSite\",\"@id\":\"https:\/\/www.sterners.se\/#website\",\"url\":\"https:\/\/www.sterners.se\/\",\"name\":\"Sterners\",\"description\":\"Innovative solutions you meet every day\",\"potentialAction\":[{\"@type\":\"SearchAction\",\"target\":\"https:\/\/www.sterners.se\/?s={search_term_string}\",\"query-input\":\"required name=search_term_string\"}],\"inLanguage\":\"de\"},{\"@type\":\"ImageObject\",\"@id\":\"https:\/\/www.sterners.se\/de\/ueber-uns\/unsere-geschichte\/#primaryimage\",\"inLanguage\":\"de\",\"url\":\"https:\/\/www.sterners.se\/wp-content\/uploads\/2018\/05\/foretaget-historia1_2000pt.jpg\",\"contentUrl\":\"https:\/\/www.sterners.se\/wp-content\/uploads\/2018\/05\/foretaget-historia1_2000pt.jpg\",\"width\":2000,\"height\":2227},{\"@type\":\"WebPage\",\"@id\":\"https:\/\/www.sterners.se\/de\/ueber-uns\/unsere-geschichte\/#webpage\",\"url\":\"https:\/\/www.sterners.se\/de\/ueber-uns\/unsere-geschichte\/\",\"name\":\"Unsere Geschichte - Sterners\",\"isPartOf\":{\"@id\":\"https:\/\/www.sterners.se\/#website\"},\"primaryImageOfPage\":{\"@id\":\"https:\/\/www.sterners.se\/de\/ueber-uns\/unsere-geschichte\/#primaryimage\"},\"datePublished\":\"2020-03-13T14:37:40+00:00\",\"dateModified\":\"2020-03-13T14:37:40+00:00\",\"breadcrumb\":{\"@id\":\"https:\/\/www.sterners.se\/de\/ueber-uns\/unsere-geschichte\/#breadcrumb\"},\"inLanguage\":\"de\",\"potentialAction\":[{\"@type\":\"ReadAction\",\"target\":[\"https:\/\/www.sterners.se\/de\/ueber-uns\/unsere-geschichte\/\"]}]},{\"@type\":\"BreadcrumbList\",\"@id\":\"https:\/\/www.sterners.se\/de\/ueber-uns\/unsere-geschichte\/#breadcrumb\",\"itemListElement\":[{\"@type\":\"ListItem\",\"position\":1,\"item\":{\"@type\":\"WebPage\",\"@id\":\"https:\/\/www.sterners.se\/de\/\",\"url\":\"https:\/\/www.sterners.se\/de\/\",\"name\":\"Home\"}},{\"@type\":\"ListItem\",\"position\":2,\"item\":{\"@type\":\"WebPage\",\"@id\":\"https:\/\/www.sterners.se\/de\/ueber-uns\/\",\"url\":\"https:\/\/www.sterners.se\/de\/ueber-uns\/\",\"name\":\"\\u00dcber uns\"}},{\"@type\":\"ListItem\",\"position\":3,\"item\":{\"@type\":\"WebPage\",\"@id\":\"https:\/\/www.sterners.se\/de\/ueber-uns\/unsere-geschichte\/\",\"url\":\"https:\/\/www.sterners.se\/de\/ueber-uns\/unsere-geschichte\/\",\"name\":\"Unsere Geschichte\"}}]}]}<\/script>\n<!-- \/ Yoast SEO plugin. -->","_links":{"self":[{"href":"https:\/\/www.sterners.se\/de\/wp-json\/wp\/v2\/pages\/1639"}],"collection":[{"href":"https:\/\/www.sterners.se\/de\/wp-json\/wp\/v2\/pages"}],"about":[{"href":"https:\/\/www.sterners.se\/de\/wp-json\/wp\/v2\/types\/page"}],"author":[{"embeddable":true,"href":"https:\/\/www.sterners.se\/de\/wp-json\/wp\/v2\/users\/3"}],"replies":[{"embeddable":true,"href":"https:\/\/www.sterners.se\/de\/wp-json\/wp\/v2\/comments?post=1639"}],"version-history":[{"count":1,"href":"https:\/\/www.sterners.se\/de\/wp-json\/wp\/v2\/pages\/1639\/revisions"}],"predecessor-version":[{"id":1640,"href":"https:\/\/www.sterners.se\/de\/wp-json\/wp\/v2\/pages\/1639\/revisions\/1640"}],"up":[{"embeddable":true,"href":"https:\/\/www.sterners.se\/de\/wp-json\/wp\/v2\/pages\/1638"}],"wp:featuredmedia":[{"embeddable":true,"href":"https:\/\/www.sterners.se\/de\/wp-json\/wp\/v2\/media\/1703"}],"wp:attachment":[{"href":"https:\/\/www.sterners.se\/de\/wp-json\/wp\/v2\/media?parent=1639"}],"curies":[{"name":"wp","href":"https:\/\/api.w.org\/{rel}","templated":true}]}}