{"id":1638,"date":"2020-03-13T15:28:47","date_gmt":"2020-03-13T14:28:47","guid":{"rendered":"https:\/\/www.sterners.se\/ueber-uns\/"},"modified":"2020-03-13T15:28:47","modified_gmt":"2020-03-13T14:28:47","slug":"ueber-uns","status":"publish","type":"page","link":"https:\/\/www.sterners.se\/de\/ueber-uns\/","title":{"rendered":"\u00dcber uns"},"content":{"rendered":"<h3>Vielseitigkeit ist unsere St\u00e4rke<\/h3>\n<p>Sterners ist ein Qualitetslieferant mit Spitzenkompetenz auf den Gebieten Elektronik, Mechanik, Programmierung und eigener Herstellung. Schon seit \u00fcber 70 Jahren, seit 1946, liefern wir technische L\u00f6sungen, die den Alltag erleichtern. Nahe Zusammenarbeit mit unseren Kunden ist ein wichtiger Teil in unserer t\u00e4glichen Arbeit. Wir erbieten ein komplettes Konzept mit Entwicklung, Herstellung, Service und Unterst\u00fctzung und sind auch nach der Lieferung noch f\u00fcr sie da.<br \/>\nUnser Personal ist unsere entscheidene St\u00e4rke. Die Weiterentwicklung unserer Mitarbeiter geht Hand in Hand mit der Entwicklung unserer Firma. Nur so k\u00f6nnen wir eine stabile Entwicklung garantieren. In Dala-J\u00e4rna haben wir alle Abteilungen, von Idee bis zum fertigen Produkt, unter einem Dach. Dieses gibt uns ideale Voraussetzungen f\u00fcr eine funktionierende Zusammenarbeit untereinander und mit unseren Kunden.<\/p>\n<p>Sterners besteht aus drei Gesch\u00e4ftsgebieten:<br \/>\nPayment solutions (Bezahlautomaten), Mercur (Autopflegeausr\u00fcstung) und Contractor (Kundenangepasste Elektroschr\u00e4nke und Metallbearbeitung, haupts\u00e4chlich als Unterlieferant).<\/p>\n","protected":false},"excerpt":{"rendered":"<p>Vielseitigkeit ist unsere St\u00e4rke Sterners ist ein Qualitetslieferant mit Spitzenkompetenz auf den Gebieten Elektronik, Mechanik, Programmierung und eigener Herstellung. Schon seit \u00fcber 70 Jahren, seit 1946, liefern wir technische L\u00f6sungen,&#8230;<\/p>\n","protected":false},"author":3,"featured_media":1710,"parent":0,"menu_order":11,"comment_status":"closed","ping_status":"closed","template":"","meta":[],"yoast_head":"<!-- This site is optimized with the Yoast SEO plugin v16.1.1 - https:\/\/yoast.com\/wordpress\/plugins\/seo\/ -->\n<title>\u00dcber uns - Sterners<\/title>\n<link rel=\"canonical\" href=\"https:\/\/www.sterners.se\/de\/ueber-uns\/\" \/>\n<meta property=\"og:locale\" content=\"de_DE\" \/>\n<meta property=\"og:type\" content=\"article\" \/>\n<meta property=\"og:title\" content=\"\u00dcber uns - Sterners\" \/>\n<meta property=\"og:description\" content=\"Vielseitigkeit ist unsere St\u00e4rke Sterners ist ein Qualitetslieferant mit Spitzenkompetenz auf den Gebieten Elektronik, Mechanik, Programmierung und eigener Herstellung. Schon seit \u00fcber 70 Jahren, seit 1946, liefern wir technische L\u00f6sungen,...\" \/>\n<meta property=\"og:url\" content=\"https:\/\/www.sterners.se\/de\/ueber-uns\/\" \/>\n<meta property=\"og:site_name\" content=\"Sterners\" \/>\n<meta name=\"twitter:card\" content=\"summary_large_image\" \/>\n<meta name=\"twitter:label1\" content=\"Gesch\u00e4tzte Lesezeit\">\n\t<meta name=\"twitter:data1\" content=\"1\u00a0Minute\">\n<script type=\"application\/ld+json\" class=\"yoast-schema-graph\">{\"@context\":\"https:\/\/schema.org\",\"@graph\":[{\"@type\":\"WebSite\",\"@id\":\"https:\/\/www.sterners.se\/#website\",\"url\":\"https:\/\/www.sterners.se\/\",\"name\":\"Sterners\",\"description\":\"Innovative solutions you meet every day\",\"potentialAction\":[{\"@type\":\"SearchAction\",\"target\":\"https:\/\/www.sterners.se\/?s={search_term_string}\",\"query-input\":\"required name=search_term_string\"}],\"inLanguage\":\"de\"},{\"@type\":\"ImageObject\",\"@id\":\"https:\/\/www.sterners.se\/de\/ueber-uns\/#primaryimage\",\"inLanguage\":\"de\",\"url\":\"https:\/\/www.sterners.se\/wp-content\/uploads\/2018\/05\/konstruktorer_2000pt.jpg\",\"contentUrl\":\"https:\/\/www.sterners.se\/wp-content\/uploads\/2018\/05\/konstruktorer_2000pt.jpg\",\"width\":2000,\"height\":1333},{\"@type\":\"WebPage\",\"@id\":\"https:\/\/www.sterners.se\/de\/ueber-uns\/#webpage\",\"url\":\"https:\/\/www.sterners.se\/de\/ueber-uns\/\",\"name\":\"\\u00dcber uns - Sterners\",\"isPartOf\":{\"@id\":\"https:\/\/www.sterners.se\/#website\"},\"primaryImageOfPage\":{\"@id\":\"https:\/\/www.sterners.se\/de\/ueber-uns\/#primaryimage\"},\"datePublished\":\"2020-03-13T14:28:47+00:00\",\"dateModified\":\"2020-03-13T14:28:47+00:00\",\"breadcrumb\":{\"@id\":\"https:\/\/www.sterners.se\/de\/ueber-uns\/#breadcrumb\"},\"inLanguage\":\"de\",\"potentialAction\":[{\"@type\":\"ReadAction\",\"target\":[\"https:\/\/www.sterners.se\/de\/ueber-uns\/\"]}]},{\"@type\":\"BreadcrumbList\",\"@id\":\"https:\/\/www.sterners.se\/de\/ueber-uns\/#breadcrumb\",\"itemListElement\":[{\"@type\":\"ListItem\",\"position\":1,\"item\":{\"@type\":\"WebPage\",\"@id\":\"https:\/\/www.sterners.se\/de\/\",\"url\":\"https:\/\/www.sterners.se\/de\/\",\"name\":\"Home\"}},{\"@type\":\"ListItem\",\"position\":2,\"item\":{\"@type\":\"WebPage\",\"@id\":\"https:\/\/www.sterners.se\/de\/ueber-uns\/\",\"url\":\"https:\/\/www.sterners.se\/de\/ueber-uns\/\",\"name\":\"\\u00dcber uns\"}}]}]}<\/script>\n<!-- \/ Yoast SEO plugin. -->","_links":{"self":[{"href":"https:\/\/www.sterners.se\/de\/wp-json\/wp\/v2\/pages\/1638"}],"collection":[{"href":"https:\/\/www.sterners.se\/de\/wp-json\/wp\/v2\/pages"}],"about":[{"href":"https:\/\/www.sterners.se\/de\/wp-json\/wp\/v2\/types\/page"}],"author":[{"embeddable":true,"href":"https:\/\/www.sterners.se\/de\/wp-json\/wp\/v2\/users\/3"}],"replies":[{"embeddable":true,"href":"https:\/\/www.sterners.se\/de\/wp-json\/wp\/v2\/comments?post=1638"}],"version-history":[{"count":0,"href":"https:\/\/www.sterners.se\/de\/wp-json\/wp\/v2\/pages\/1638\/revisions"}],"wp:featuredmedia":[{"embeddable":true,"href":"https:\/\/www.sterners.se\/de\/wp-json\/wp\/v2\/media\/1710"}],"wp:attachment":[{"href":"https:\/\/www.sterners.se\/de\/wp-json\/wp\/v2\/media?parent=1638"}],"curies":[{"name":"wp","href":"https:\/\/api.w.org\/{rel}","templated":true}]}}