{"id":1587,"date":"2020-02-17T14:22:29","date_gmt":"2020-02-17T13:22:29","guid":{"rendered":"https:\/\/www.sterners.se\/mercur\/produkte\/abfallbehaelter\/"},"modified":"2020-02-17T14:22:29","modified_gmt":"2020-02-17T13:22:29","slug":"abfallbehaelter","status":"publish","type":"page","link":"https:\/\/www.sterners.se\/de\/mercur\/produkte\/abfallbehaelter\/","title":{"rendered":"Abfallbeh\u00e4lter"},"content":{"rendered":"<h1>Abfallbeh\u00e4lter Dino 125<\/h1>\n<p>In den DINO 125 Abfallbeh\u00e4lter passen 125 Liter Standard M\u00fclls\u00e4cke.<br \/>\nDINO 125 ist praktisch, ger\u00e4umlich und leicht hantierbar, er ist darum besonders f\u00fcr Tankstellen, Werkst\u00e4tten, Imbiss, Warenh\u00e4usern, usw. geeignet.<br \/>\n<em><strong>Tillbeh\u00f6r<br \/>\n<\/strong><\/em>\u2022 Halter f\u00fcr Papierrolle<br \/>\n\u2022 Betonggewichte f\u00fcr den Sockel<br \/>\nBxTxH 500 x 400 x 1150 mm (1600 mm mit Papierhalter).<\/p>\n<h1><a href=\"https:\/\/www.sterners.se\/wp-content\/uploads\/2018\/06\/soptunnor_b1460.jpg\" target=\"_blank\" rel=\"noopener noreferrer\"><img loading=\"lazy\" class=\"aligncenter wp-image-533\" src=\"https:\/\/www.sterners.se\/wp-content\/uploads\/2018\/06\/soptunnor_b1460-300x174.jpg\" alt=\"\" width=\"600\" height=\"347\" srcset=\"https:\/\/www.sterners.se\/wp-content\/uploads\/2018\/06\/soptunnor_b1460-300x174.jpg 300w, https:\/\/www.sterners.se\/wp-content\/uploads\/2018\/06\/soptunnor_b1460-768x444.jpg 768w, https:\/\/www.sterners.se\/wp-content\/uploads\/2018\/06\/soptunnor_b1460-1024x593.jpg 1024w, https:\/\/www.sterners.se\/wp-content\/uploads\/2018\/06\/soptunnor_b1460-640x370.jpg 640w, https:\/\/www.sterners.se\/wp-content\/uploads\/2018\/06\/soptunnor_b1460-1200x695.jpg 1200w, https:\/\/www.sterners.se\/wp-content\/uploads\/2018\/06\/soptunnor_b1460.jpg 1460w\" sizes=\"(max-width: 639px) 98vw, (max-width: 1199px) 64vw, 600px\" \/><\/a><\/h1>\n","protected":false},"excerpt":{"rendered":"<p>Abfallbeh\u00e4lter Dino 125 In den DINO 125 Abfallbeh\u00e4lter passen 125 Liter Standard M\u00fclls\u00e4cke. DINO 125 ist praktisch, ger\u00e4umlich und leicht hantierbar, er ist darum besonders f\u00fcr Tankstellen, Werkst\u00e4tten, Imbiss, Warenh\u00e4usern,&#8230;<\/p>\n","protected":false},"author":3,"featured_media":0,"parent":1456,"menu_order":5,"comment_status":"closed","ping_status":"closed","template":"","meta":[],"yoast_head":"<!-- This site is optimized with the Yoast SEO plugin v16.1.1 - https:\/\/yoast.com\/wordpress\/plugins\/seo\/ -->\n<title>Abfallbeh\u00e4lter - Sterners<\/title>\n<link rel=\"canonical\" href=\"https:\/\/www.sterners.se\/de\/mercur\/produkte\/abfallbehaelter\/\" \/>\n<meta property=\"og:locale\" content=\"de_DE\" \/>\n<meta property=\"og:type\" content=\"article\" \/>\n<meta property=\"og:title\" content=\"Abfallbeh\u00e4lter - Sterners\" \/>\n<meta property=\"og:description\" content=\"Abfallbeh\u00e4lter Dino 125 In den DINO 125 Abfallbeh\u00e4lter passen 125 Liter Standard M\u00fclls\u00e4cke. DINO 125 ist praktisch, ger\u00e4umlich und leicht hantierbar, er ist darum besonders f\u00fcr Tankstellen, Werkst\u00e4tten, Imbiss, Warenh\u00e4usern,...\" \/>\n<meta property=\"og:url\" content=\"https:\/\/www.sterners.se\/de\/mercur\/produkte\/abfallbehaelter\/\" \/>\n<meta property=\"og:site_name\" content=\"Sterners\" \/>\n<meta property=\"og:image\" content=\"https:\/\/www.sterners.se\/wp-content\/uploads\/2018\/06\/soptunnor_b1460-300x174.jpg\" \/>\n<meta name=\"twitter:card\" content=\"summary_large_image\" \/>\n<script type=\"application\/ld+json\" class=\"yoast-schema-graph\">{\"@context\":\"https:\/\/schema.org\",\"@graph\":[{\"@type\":\"WebSite\",\"@id\":\"https:\/\/www.sterners.se\/#website\",\"url\":\"https:\/\/www.sterners.se\/\",\"name\":\"Sterners\",\"description\":\"Innovative solutions you meet every day\",\"potentialAction\":[{\"@type\":\"SearchAction\",\"target\":\"https:\/\/www.sterners.se\/?s={search_term_string}\",\"query-input\":\"required name=search_term_string\"}],\"inLanguage\":\"de\"},{\"@type\":\"ImageObject\",\"@id\":\"https:\/\/www.sterners.se\/de\/mercur\/produkte\/abfallbehaelter\/#primaryimage\",\"inLanguage\":\"de\",\"url\":\"https:\/\/www.sterners.se\/wp-content\/uploads\/2018\/06\/soptunnor_b1460.jpg\",\"contentUrl\":\"https:\/\/www.sterners.se\/wp-content\/uploads\/2018\/06\/soptunnor_b1460.jpg\",\"width\":1460,\"height\":845,\"caption\":\"dino 125\"},{\"@type\":\"WebPage\",\"@id\":\"https:\/\/www.sterners.se\/de\/mercur\/produkte\/abfallbehaelter\/#webpage\",\"url\":\"https:\/\/www.sterners.se\/de\/mercur\/produkte\/abfallbehaelter\/\",\"name\":\"Abfallbeh\\u00e4lter - Sterners\",\"isPartOf\":{\"@id\":\"https:\/\/www.sterners.se\/#website\"},\"primaryImageOfPage\":{\"@id\":\"https:\/\/www.sterners.se\/de\/mercur\/produkte\/abfallbehaelter\/#primaryimage\"},\"datePublished\":\"2020-02-17T13:22:29+00:00\",\"dateModified\":\"2020-02-17T13:22:29+00:00\",\"breadcrumb\":{\"@id\":\"https:\/\/www.sterners.se\/de\/mercur\/produkte\/abfallbehaelter\/#breadcrumb\"},\"inLanguage\":\"de\",\"potentialAction\":[{\"@type\":\"ReadAction\",\"target\":[\"https:\/\/www.sterners.se\/de\/mercur\/produkte\/abfallbehaelter\/\"]}]},{\"@type\":\"BreadcrumbList\",\"@id\":\"https:\/\/www.sterners.se\/de\/mercur\/produkte\/abfallbehaelter\/#breadcrumb\",\"itemListElement\":[{\"@type\":\"ListItem\",\"position\":1,\"item\":{\"@type\":\"WebPage\",\"@id\":\"https:\/\/www.sterners.se\/de\/\",\"url\":\"https:\/\/www.sterners.se\/de\/\",\"name\":\"Home\"}},{\"@type\":\"ListItem\",\"position\":2,\"item\":{\"@type\":\"WebPage\",\"@id\":\"https:\/\/www.sterners.se\/de\/mercur\/\",\"url\":\"https:\/\/www.sterners.se\/de\/mercur\/\",\"name\":\"Mercur\"}},{\"@type\":\"ListItem\",\"position\":3,\"item\":{\"@type\":\"WebPage\",\"@id\":\"https:\/\/www.sterners.se\/de\/mercur\/produkte\/\",\"url\":\"https:\/\/www.sterners.se\/de\/mercur\/produkte\/\",\"name\":\"Produkte\"}},{\"@type\":\"ListItem\",\"position\":4,\"item\":{\"@type\":\"WebPage\",\"@id\":\"https:\/\/www.sterners.se\/de\/mercur\/produkte\/abfallbehaelter\/\",\"url\":\"https:\/\/www.sterners.se\/de\/mercur\/produkte\/abfallbehaelter\/\",\"name\":\"Abfallbeh\\u00e4lter\"}}]}]}<\/script>\n<!-- \/ Yoast SEO plugin. -->","_links":{"self":[{"href":"https:\/\/www.sterners.se\/de\/wp-json\/wp\/v2\/pages\/1587"}],"collection":[{"href":"https:\/\/www.sterners.se\/de\/wp-json\/wp\/v2\/pages"}],"about":[{"href":"https:\/\/www.sterners.se\/de\/wp-json\/wp\/v2\/types\/page"}],"author":[{"embeddable":true,"href":"https:\/\/www.sterners.se\/de\/wp-json\/wp\/v2\/users\/3"}],"replies":[{"embeddable":true,"href":"https:\/\/www.sterners.se\/de\/wp-json\/wp\/v2\/comments?post=1587"}],"version-history":[{"count":0,"href":"https:\/\/www.sterners.se\/de\/wp-json\/wp\/v2\/pages\/1587\/revisions"}],"up":[{"embeddable":true,"href":"https:\/\/www.sterners.se\/de\/wp-json\/wp\/v2\/pages\/1456"}],"wp:attachment":[{"href":"https:\/\/www.sterners.se\/de\/wp-json\/wp\/v2\/media?parent=1587"}],"curies":[{"name":"wp","href":"https:\/\/api.w.org\/{rel}","templated":true}]}}