{"id":1522,"date":"2020-01-28T11:27:06","date_gmt":"2020-01-28T10:27:06","guid":{"rendered":"https:\/\/www.sterners.se\/mercur\/produkte\/luft-wassereinheit\/auto-service-670\/"},"modified":"2020-01-28T11:27:06","modified_gmt":"2020-01-28T10:27:06","slug":"auto-service-670","status":"publish","type":"page","link":"https:\/\/www.sterners.se\/de\/mercur\/produkte\/luft-wassereinheit\/auto-service-670\/","title":{"rendered":"Auto Service 670"},"content":{"rendered":"<h1>Auto Service 670<br \/>\n<a href=\"https:\/\/www.sterners.se\/wp-content\/uploads\/2018\/06\/Air-Water650_h1221.jpg\" target=\"_blank\" rel=\"noopener noreferrer\"><img loading=\"lazy\" class=\"alignright wp-image-537\" src=\"https:\/\/www.sterners.se\/wp-content\/uploads\/2018\/06\/Air-Water650_h1221-236x300.jpg\" alt=\"\" width=\"393\" height=\"500\" srcset=\"https:\/\/www.sterners.se\/wp-content\/uploads\/2018\/06\/Air-Water650_h1221-236x300.jpg 236w, https:\/\/www.sterners.se\/wp-content\/uploads\/2018\/06\/Air-Water650_h1221-768x977.jpg 768w, https:\/\/www.sterners.se\/wp-content\/uploads\/2018\/06\/Air-Water650_h1221-805x1024.jpg 805w, https:\/\/www.sterners.se\/wp-content\/uploads\/2018\/06\/Air-Water650_h1221-640x814.jpg 640w, https:\/\/www.sterners.se\/wp-content\/uploads\/2018\/06\/Air-Water650_h1221.jpg 960w\" sizes=\"(max-width: 639px) 98vw, (max-width: 1199px) 64vw, 393px\" \/><\/a><\/h1>\n<p><span style=\"font-size: inherit; letter-spacing: 0.02em;\">Specialeinheit f\u00fcr den LKW- Service. Der gleiche Schrank wie unser Modell 650 aber standardm\u00e4ssig mit\u00a0 automatischen Schlauchwinden f\u00fcr Luft und Wasser ausger\u00fcstet. (Wasserschlauch mit langer B\u00fcrste)<\/span><\/p>\n<p>BxTxH 1600 x 850 x 1900 mm.<\/p>\n<h4>Zuhwahl<\/h4>\n<p>\u2022 Kompessor 15 bar<br \/>\n\u2022 Elektronischer Luftf\u00fcller Auto Air<\/p>\n<p>&nbsp;<\/p>\n<p>&nbsp;<\/p>\n<p>&nbsp;<\/p>\n<p>&nbsp;<\/p>\n<p><a href=\"https:\/\/www.sterners.se\/wp-content\/uploads\/2018\/06\/Multiservice4000-sma\u030abild_b628.jpg\" target=\"_blank\" rel=\"noopener noreferrer\"><img loading=\"lazy\" class=\"alignright wp-image-562\" src=\"https:\/\/www.sterners.se\/wp-content\/uploads\/2018\/06\/Multiservice4000-sma\u030abild_b628-300x222.jpg\" alt=\"\" width=\"400\" height=\"296\" srcset=\"https:\/\/www.sterners.se\/wp-content\/uploads\/2018\/06\/Multiservice4000-sma\u030abild_b628-300x222.jpg 300w, https:\/\/www.sterners.se\/wp-content\/uploads\/2018\/06\/Multiservice4000-sma\u030abild_b628.jpg 628w\" sizes=\"(max-width: 639px) 98vw, (max-width: 1199px) 64vw, 400px\" \/><\/a><\/p>\n","protected":false},"excerpt":{"rendered":"<p>Auto Service 670 Specialeinheit f\u00fcr den LKW- Service. Der gleiche Schrank wie unser Modell 650 aber standardm\u00e4ssig mit\u00a0 automatischen Schlauchwinden f\u00fcr Luft und Wasser ausger\u00fcstet. (Wasserschlauch mit langer B\u00fcrste) BxTxH&#8230;<\/p>\n","protected":false},"author":3,"featured_media":0,"parent":1518,"menu_order":2,"comment_status":"closed","ping_status":"closed","template":"","meta":[],"yoast_head":"<!-- This site is optimized with the Yoast SEO plugin v16.1.1 - https:\/\/yoast.com\/wordpress\/plugins\/seo\/ -->\n<title>Auto Service 670 - Sterners<\/title>\n<link rel=\"canonical\" href=\"https:\/\/www.sterners.se\/de\/mercur\/produkte\/luft-wassereinheit\/auto-service-670\/\" \/>\n<meta property=\"og:locale\" content=\"de_DE\" \/>\n<meta property=\"og:type\" content=\"article\" \/>\n<meta property=\"og:title\" content=\"Auto Service 670 - Sterners\" \/>\n<meta property=\"og:description\" content=\"Auto Service 670 Specialeinheit f\u00fcr den LKW- Service. Der gleiche Schrank wie unser Modell 650 aber standardm\u00e4ssig mit\u00a0 automatischen Schlauchwinden f\u00fcr Luft und Wasser ausger\u00fcstet. (Wasserschlauch mit langer B\u00fcrste) BxTxH...\" \/>\n<meta property=\"og:url\" content=\"https:\/\/www.sterners.se\/de\/mercur\/produkte\/luft-wassereinheit\/auto-service-670\/\" \/>\n<meta property=\"og:site_name\" content=\"Sterners\" \/>\n<meta property=\"og:image\" content=\"https:\/\/www.sterners.se\/wp-content\/uploads\/2018\/06\/Air-Water650_h1221-236x300.jpg\" \/>\n<meta name=\"twitter:card\" content=\"summary_large_image\" \/>\n<script type=\"application\/ld+json\" class=\"yoast-schema-graph\">{\"@context\":\"https:\/\/schema.org\",\"@graph\":[{\"@type\":\"WebSite\",\"@id\":\"https:\/\/www.sterners.se\/#website\",\"url\":\"https:\/\/www.sterners.se\/\",\"name\":\"Sterners\",\"description\":\"Innovative solutions you meet every day\",\"potentialAction\":[{\"@type\":\"SearchAction\",\"target\":\"https:\/\/www.sterners.se\/?s={search_term_string}\",\"query-input\":\"required name=search_term_string\"}],\"inLanguage\":\"de\"},{\"@type\":\"ImageObject\",\"@id\":\"https:\/\/www.sterners.se\/de\/mercur\/produkte\/luft-wassereinheit\/auto-service-670\/#primaryimage\",\"inLanguage\":\"de\",\"url\":\"https:\/\/www.sterners.se\/wp-content\/uploads\/2018\/06\/Air-Water650_h1221.jpg\",\"contentUrl\":\"https:\/\/www.sterners.se\/wp-content\/uploads\/2018\/06\/Air-Water650_h1221.jpg\",\"width\":960,\"height\":1221},{\"@type\":\"WebPage\",\"@id\":\"https:\/\/www.sterners.se\/de\/mercur\/produkte\/luft-wassereinheit\/auto-service-670\/#webpage\",\"url\":\"https:\/\/www.sterners.se\/de\/mercur\/produkte\/luft-wassereinheit\/auto-service-670\/\",\"name\":\"Auto Service 670 - Sterners\",\"isPartOf\":{\"@id\":\"https:\/\/www.sterners.se\/#website\"},\"primaryImageOfPage\":{\"@id\":\"https:\/\/www.sterners.se\/de\/mercur\/produkte\/luft-wassereinheit\/auto-service-670\/#primaryimage\"},\"datePublished\":\"2020-01-28T10:27:06+00:00\",\"dateModified\":\"2020-01-28T10:27:06+00:00\",\"breadcrumb\":{\"@id\":\"https:\/\/www.sterners.se\/de\/mercur\/produkte\/luft-wassereinheit\/auto-service-670\/#breadcrumb\"},\"inLanguage\":\"de\",\"potentialAction\":[{\"@type\":\"ReadAction\",\"target\":[\"https:\/\/www.sterners.se\/de\/mercur\/produkte\/luft-wassereinheit\/auto-service-670\/\"]}]},{\"@type\":\"BreadcrumbList\",\"@id\":\"https:\/\/www.sterners.se\/de\/mercur\/produkte\/luft-wassereinheit\/auto-service-670\/#breadcrumb\",\"itemListElement\":[{\"@type\":\"ListItem\",\"position\":1,\"item\":{\"@type\":\"WebPage\",\"@id\":\"https:\/\/www.sterners.se\/de\/\",\"url\":\"https:\/\/www.sterners.se\/de\/\",\"name\":\"Home\"}},{\"@type\":\"ListItem\",\"position\":2,\"item\":{\"@type\":\"WebPage\",\"@id\":\"https:\/\/www.sterners.se\/de\/mercur\/\",\"url\":\"https:\/\/www.sterners.se\/de\/mercur\/\",\"name\":\"Mercur\"}},{\"@type\":\"ListItem\",\"position\":3,\"item\":{\"@type\":\"WebPage\",\"@id\":\"https:\/\/www.sterners.se\/de\/mercur\/produkte\/\",\"url\":\"https:\/\/www.sterners.se\/de\/mercur\/produkte\/\",\"name\":\"Produkte\"}},{\"@type\":\"ListItem\",\"position\":4,\"item\":{\"@type\":\"WebPage\",\"@id\":\"https:\/\/www.sterners.se\/de\/mercur\/produkte\/luft-wassereinheit\/\",\"url\":\"https:\/\/www.sterners.se\/de\/mercur\/produkte\/luft-wassereinheit\/\",\"name\":\"Luft-\/Wassereinheit\"}},{\"@type\":\"ListItem\",\"position\":5,\"item\":{\"@type\":\"WebPage\",\"@id\":\"https:\/\/www.sterners.se\/de\/mercur\/produkte\/luft-wassereinheit\/auto-service-670\/\",\"url\":\"https:\/\/www.sterners.se\/de\/mercur\/produkte\/luft-wassereinheit\/auto-service-670\/\",\"name\":\"Auto Service 670\"}}]}]}<\/script>\n<!-- \/ Yoast SEO plugin. -->","_links":{"self":[{"href":"https:\/\/www.sterners.se\/de\/wp-json\/wp\/v2\/pages\/1522"}],"collection":[{"href":"https:\/\/www.sterners.se\/de\/wp-json\/wp\/v2\/pages"}],"about":[{"href":"https:\/\/www.sterners.se\/de\/wp-json\/wp\/v2\/types\/page"}],"author":[{"embeddable":true,"href":"https:\/\/www.sterners.se\/de\/wp-json\/wp\/v2\/users\/3"}],"replies":[{"embeddable":true,"href":"https:\/\/www.sterners.se\/de\/wp-json\/wp\/v2\/comments?post=1522"}],"version-history":[{"count":0,"href":"https:\/\/www.sterners.se\/de\/wp-json\/wp\/v2\/pages\/1522\/revisions"}],"up":[{"embeddable":true,"href":"https:\/\/www.sterners.se\/de\/wp-json\/wp\/v2\/pages\/1518"}],"wp:attachment":[{"href":"https:\/\/www.sterners.se\/de\/wp-json\/wp\/v2\/media?parent=1522"}],"curies":[{"name":"wp","href":"https:\/\/api.w.org\/{rel}","templated":true}]}}