{"id":1500,"date":"2019-11-26T15:07:51","date_gmt":"2019-11-26T14:07:51","guid":{"rendered":"https:\/\/www.sterners.se\/auto-service-650\/"},"modified":"2020-01-28T11:26:35","modified_gmt":"2020-01-28T10:26:35","slug":"auto-service-650","status":"publish","type":"page","link":"https:\/\/www.sterners.se\/de\/mercur\/produkte\/luft-wassereinheit\/auto-service-650\/","title":{"rendered":"Auto Service 650"},"content":{"rendered":"<h1>Auto Service 650<br \/>\n<a href=\"https:\/\/www.sterners.se\/wp-content\/uploads\/2018\/06\/Air-Water650_h1221.jpg\"><img loading=\"lazy\" class=\"alignright wp-image-537\" src=\"https:\/\/www.sterners.se\/wp-content\/uploads\/2018\/06\/Air-Water650_h1221-236x300.jpg\" alt=\"\" width=\"354\" height=\"450\" srcset=\"https:\/\/www.sterners.se\/wp-content\/uploads\/2018\/06\/Air-Water650_h1221-236x300.jpg 236w, https:\/\/www.sterners.se\/wp-content\/uploads\/2018\/06\/Air-Water650_h1221-768x977.jpg 768w, https:\/\/www.sterners.se\/wp-content\/uploads\/2018\/06\/Air-Water650_h1221-805x1024.jpg 805w, https:\/\/www.sterners.se\/wp-content\/uploads\/2018\/06\/Air-Water650_h1221-640x814.jpg 640w, https:\/\/www.sterners.se\/wp-content\/uploads\/2018\/06\/Air-Water650_h1221.jpg 960w\" sizes=\"(max-width: 639px) 98vw, (max-width: 1199px) 64vw, 354px\" \/><\/a><\/h1>\n<p>Auto Service 650 Luft- \/Wassereinheit ist komplett mit Heizung, Beleuchtung, zwei Anschl\u00fcssen f\u00fcr tragbahre Lufteinheiten, Wasserhahn und Abfluss ausger\u00fcstet.<br \/>\nAls Zuwahl k\u00f6nnen sie z.B. einen verschliessbaren Raum f\u00fcr den Kompressor w\u00e4hlen.<\/p>\n<p>WxTxH 1600 x 850 x 1900 mm.<\/p>\n<h4>Zuwahl<\/h4>\n<p>\u2022 Schlauchwinde f\u00fcr den Druckluftschlauch<br \/>\n\u2022 Kompressor 10 bar<br \/>\n\u2022 Reifenf\u00fcllzubeh\u00f6r f\u00fcr Fahrr\u00e4der<br \/>\n\u2022 Elektronischer Reifenf\u00fcller &#8211; Auto Air<\/p>\n","protected":false},"excerpt":{"rendered":"<p>Auto Service 650 Auto Service 650 Luft- \/Wassereinheit ist komplett mit Heizung, Beleuchtung, zwei Anschl\u00fcssen f\u00fcr tragbahre Lufteinheiten, Wasserhahn und Abfluss ausger\u00fcstet. Als Zuwahl k\u00f6nnen sie z.B. einen verschliessbaren Raum&#8230;<\/p>\n","protected":false},"author":3,"featured_media":0,"parent":1518,"menu_order":1,"comment_status":"closed","ping_status":"closed","template":"","meta":[],"yoast_head":"<!-- This site is optimized with the Yoast SEO plugin v16.1.1 - https:\/\/yoast.com\/wordpress\/plugins\/seo\/ -->\n<title>Auto Service 650 - Sterners<\/title>\n<link rel=\"canonical\" href=\"https:\/\/www.sterners.se\/de\/mercur\/produkte\/luft-wassereinheit\/auto-service-650\/\" \/>\n<meta property=\"og:locale\" content=\"de_DE\" \/>\n<meta property=\"og:type\" content=\"article\" \/>\n<meta property=\"og:title\" content=\"Auto Service 650 - Sterners\" \/>\n<meta property=\"og:description\" content=\"Auto Service 650 Auto Service 650 Luft- \/Wassereinheit ist komplett mit Heizung, Beleuchtung, zwei Anschl\u00fcssen f\u00fcr tragbahre Lufteinheiten, Wasserhahn und Abfluss ausger\u00fcstet. Als Zuwahl k\u00f6nnen sie z.B. einen verschliessbaren Raum...\" \/>\n<meta property=\"og:url\" content=\"https:\/\/www.sterners.se\/de\/mercur\/produkte\/luft-wassereinheit\/auto-service-650\/\" \/>\n<meta property=\"og:site_name\" content=\"Sterners\" \/>\n<meta property=\"article:modified_time\" content=\"2020-01-28T10:26:35+00:00\" \/>\n<meta property=\"og:image\" content=\"https:\/\/www.sterners.se\/wp-content\/uploads\/2018\/06\/Air-Water650_h1221-236x300.jpg\" \/>\n<meta name=\"twitter:card\" content=\"summary_large_image\" \/>\n<script type=\"application\/ld+json\" class=\"yoast-schema-graph\">{\"@context\":\"https:\/\/schema.org\",\"@graph\":[{\"@type\":\"WebSite\",\"@id\":\"https:\/\/www.sterners.se\/#website\",\"url\":\"https:\/\/www.sterners.se\/\",\"name\":\"Sterners\",\"description\":\"Innovative solutions you meet every day\",\"potentialAction\":[{\"@type\":\"SearchAction\",\"target\":\"https:\/\/www.sterners.se\/?s={search_term_string}\",\"query-input\":\"required name=search_term_string\"}],\"inLanguage\":\"de\"},{\"@type\":\"ImageObject\",\"@id\":\"https:\/\/www.sterners.se\/de\/mercur\/produkte\/luft-wassereinheit\/auto-service-650\/#primaryimage\",\"inLanguage\":\"de\",\"url\":\"https:\/\/www.sterners.se\/wp-content\/uploads\/2018\/06\/Air-Water650_h1221.jpg\",\"contentUrl\":\"https:\/\/www.sterners.se\/wp-content\/uploads\/2018\/06\/Air-Water650_h1221.jpg\",\"width\":960,\"height\":1221},{\"@type\":\"WebPage\",\"@id\":\"https:\/\/www.sterners.se\/de\/mercur\/produkte\/luft-wassereinheit\/auto-service-650\/#webpage\",\"url\":\"https:\/\/www.sterners.se\/de\/mercur\/produkte\/luft-wassereinheit\/auto-service-650\/\",\"name\":\"Auto Service 650 - Sterners\",\"isPartOf\":{\"@id\":\"https:\/\/www.sterners.se\/#website\"},\"primaryImageOfPage\":{\"@id\":\"https:\/\/www.sterners.se\/de\/mercur\/produkte\/luft-wassereinheit\/auto-service-650\/#primaryimage\"},\"datePublished\":\"2019-11-26T14:07:51+00:00\",\"dateModified\":\"2020-01-28T10:26:35+00:00\",\"breadcrumb\":{\"@id\":\"https:\/\/www.sterners.se\/de\/mercur\/produkte\/luft-wassereinheit\/auto-service-650\/#breadcrumb\"},\"inLanguage\":\"de\",\"potentialAction\":[{\"@type\":\"ReadAction\",\"target\":[\"https:\/\/www.sterners.se\/de\/mercur\/produkte\/luft-wassereinheit\/auto-service-650\/\"]}]},{\"@type\":\"BreadcrumbList\",\"@id\":\"https:\/\/www.sterners.se\/de\/mercur\/produkte\/luft-wassereinheit\/auto-service-650\/#breadcrumb\",\"itemListElement\":[{\"@type\":\"ListItem\",\"position\":1,\"item\":{\"@type\":\"WebPage\",\"@id\":\"https:\/\/www.sterners.se\/de\/\",\"url\":\"https:\/\/www.sterners.se\/de\/\",\"name\":\"Home\"}},{\"@type\":\"ListItem\",\"position\":2,\"item\":{\"@type\":\"WebPage\",\"@id\":\"https:\/\/www.sterners.se\/de\/mercur\/\",\"url\":\"https:\/\/www.sterners.se\/de\/mercur\/\",\"name\":\"Mercur\"}},{\"@type\":\"ListItem\",\"position\":3,\"item\":{\"@type\":\"WebPage\",\"@id\":\"https:\/\/www.sterners.se\/de\/mercur\/produkte\/\",\"url\":\"https:\/\/www.sterners.se\/de\/mercur\/produkte\/\",\"name\":\"Produkte\"}},{\"@type\":\"ListItem\",\"position\":4,\"item\":{\"@type\":\"WebPage\",\"@id\":\"https:\/\/www.sterners.se\/de\/mercur\/produkte\/luft-wassereinheit\/\",\"url\":\"https:\/\/www.sterners.se\/de\/mercur\/produkte\/luft-wassereinheit\/\",\"name\":\"Luft-\/Wassereinheit\"}},{\"@type\":\"ListItem\",\"position\":5,\"item\":{\"@type\":\"WebPage\",\"@id\":\"https:\/\/www.sterners.se\/de\/mercur\/produkte\/luft-wassereinheit\/auto-service-650\/\",\"url\":\"https:\/\/www.sterners.se\/de\/mercur\/produkte\/luft-wassereinheit\/auto-service-650\/\",\"name\":\"Auto Service 650\"}}]}]}<\/script>\n<!-- \/ Yoast SEO plugin. -->","_links":{"self":[{"href":"https:\/\/www.sterners.se\/de\/wp-json\/wp\/v2\/pages\/1500"}],"collection":[{"href":"https:\/\/www.sterners.se\/de\/wp-json\/wp\/v2\/pages"}],"about":[{"href":"https:\/\/www.sterners.se\/de\/wp-json\/wp\/v2\/types\/page"}],"author":[{"embeddable":true,"href":"https:\/\/www.sterners.se\/de\/wp-json\/wp\/v2\/users\/3"}],"replies":[{"embeddable":true,"href":"https:\/\/www.sterners.se\/de\/wp-json\/wp\/v2\/comments?post=1500"}],"version-history":[{"count":1,"href":"https:\/\/www.sterners.se\/de\/wp-json\/wp\/v2\/pages\/1500\/revisions"}],"predecessor-version":[{"id":1521,"href":"https:\/\/www.sterners.se\/de\/wp-json\/wp\/v2\/pages\/1500\/revisions\/1521"}],"up":[{"embeddable":true,"href":"https:\/\/www.sterners.se\/de\/wp-json\/wp\/v2\/pages\/1518"}],"wp:attachment":[{"href":"https:\/\/www.sterners.se\/de\/wp-json\/wp\/v2\/media?parent=1500"}],"curies":[{"name":"wp","href":"https:\/\/api.w.org\/{rel}","templated":true}]}}