{"id":1492,"date":"2019-11-13T15:57:08","date_gmt":"2019-11-13T14:57:08","guid":{"rendered":"https:\/\/www.sterners.se\/auto-service-470\/"},"modified":"2020-01-28T11:25:40","modified_gmt":"2020-01-28T10:25:40","slug":"auto-service-470","status":"publish","type":"page","link":"https:\/\/www.sterners.se\/de\/mercur\/produkte\/luft-wassereinheit\/auto-service-470\/","title":{"rendered":"Auto Service 470"},"content":{"rendered":"<h1>Auto Service 470<a href=\"https:\/\/www.sterners.se\/wp-content\/uploads\/2018\/06\/Auto-service-470_h1518.jpg\" target=\"_blank\" rel=\"noopener noreferrer\"><img loading=\"lazy\" class=\"alignright wp-image-529\" src=\"https:\/\/www.sterners.se\/wp-content\/uploads\/2018\/06\/Auto-service-470_h1518-207x300.jpg\" alt=\"\" width=\"379\" height=\"550\" srcset=\"https:\/\/www.sterners.se\/wp-content\/uploads\/2018\/06\/Auto-service-470_h1518-207x300.jpg 207w, https:\/\/www.sterners.se\/wp-content\/uploads\/2018\/06\/Auto-service-470_h1518-768x1116.jpg 768w, https:\/\/www.sterners.se\/wp-content\/uploads\/2018\/06\/Auto-service-470_h1518-705x1024.jpg 705w, https:\/\/www.sterners.se\/wp-content\/uploads\/2018\/06\/Auto-service-470_h1518-640x930.jpg 640w, https:\/\/www.sterners.se\/wp-content\/uploads\/2018\/06\/Auto-service-470_h1518-1024x1487.jpg 1024w, https:\/\/www.sterners.se\/wp-content\/uploads\/2018\/06\/Auto-service-470_h1518.jpg 1045w\" sizes=\"(max-width: 639px) 98vw, (max-width: 1199px) 64vw, 379px\" \/><\/a><\/h1>\n<p>Reinigung der Scheiben mit einem sauberen Scheibenabzieher.<br \/>\nAuto service 470 hat im oberen Bereich Platz f\u00fcr eine Wasserkanne oder Eimer. Mit einem Knopfdruck f\u00fcllt der Kunde Wasser ein. Im unteren Teil befindet sich ein Wasserbeh\u00e4lter f\u00fcr die Reinigung des Scheibenabziehers. Man kan den Abzieher an einem &#8222;Waschbrett&#8220; reinigen und per Knopfdruck absp\u00fclen. Die Einheit ist in rostfreiem Stahl gebaut und enth\u00e4lt einen Thermostatheizl\u00fcfter.<\/p>\n<h1><a href=\"https:\/\/www.sterners.se\/wp-content\/uploads\/2018\/05\/Auto-service-470-ver-3-1.pdf\" target=\"_blank\" rel=\"noopener noreferrer\"><img loading=\"lazy\" class=\"alignleft wp-image-317\" src=\"https:\/\/www.sterners.se\/wp-content\/uploads\/2018\/06\/Product-sheet_400x240-300x180.jpg\" alt=\"\" width=\"200\" height=\"120\" srcset=\"https:\/\/www.sterners.se\/wp-content\/uploads\/2018\/06\/Product-sheet_400x240-300x180.jpg 300w, https:\/\/www.sterners.se\/wp-content\/uploads\/2018\/06\/Product-sheet_400x240.jpg 400w\" sizes=\"(max-width: 639px) 98vw, (max-width: 1199px) 64vw, 200px\" \/><\/a><\/h1>\n","protected":false},"excerpt":{"rendered":"<p>Auto Service 470 Reinigung der Scheiben mit einem sauberen Scheibenabzieher. Auto service 470 hat im oberen Bereich Platz f\u00fcr eine Wasserkanne oder Eimer. Mit einem Knopfdruck f\u00fcllt der Kunde Wasser&#8230;<\/p>\n","protected":false},"author":3,"featured_media":0,"parent":1518,"menu_order":0,"comment_status":"closed","ping_status":"closed","template":"","meta":[],"yoast_head":"<!-- This site is optimized with the Yoast SEO plugin v16.1.1 - https:\/\/yoast.com\/wordpress\/plugins\/seo\/ -->\n<title>Auto Service 470 - Sterners<\/title>\n<link rel=\"canonical\" href=\"https:\/\/www.sterners.se\/de\/mercur\/produkte\/luft-wassereinheit\/auto-service-470\/\" \/>\n<meta property=\"og:locale\" content=\"de_DE\" \/>\n<meta property=\"og:type\" content=\"article\" \/>\n<meta property=\"og:title\" content=\"Auto Service 470 - Sterners\" \/>\n<meta property=\"og:description\" content=\"Auto Service 470 Reinigung der Scheiben mit einem sauberen Scheibenabzieher. Auto service 470 hat im oberen Bereich Platz f\u00fcr eine Wasserkanne oder Eimer. Mit einem Knopfdruck f\u00fcllt der Kunde Wasser...\" \/>\n<meta property=\"og:url\" content=\"https:\/\/www.sterners.se\/de\/mercur\/produkte\/luft-wassereinheit\/auto-service-470\/\" \/>\n<meta property=\"og:site_name\" content=\"Sterners\" \/>\n<meta property=\"article:modified_time\" content=\"2020-01-28T10:25:40+00:00\" \/>\n<meta property=\"og:image\" content=\"https:\/\/www.sterners.se\/wp-content\/uploads\/2018\/06\/Auto-service-470_h1518-207x300.jpg\" \/>\n<meta name=\"twitter:card\" content=\"summary_large_image\" \/>\n<script type=\"application\/ld+json\" class=\"yoast-schema-graph\">{\"@context\":\"https:\/\/schema.org\",\"@graph\":[{\"@type\":\"WebSite\",\"@id\":\"https:\/\/www.sterners.se\/#website\",\"url\":\"https:\/\/www.sterners.se\/\",\"name\":\"Sterners\",\"description\":\"Innovative solutions you meet every day\",\"potentialAction\":[{\"@type\":\"SearchAction\",\"target\":\"https:\/\/www.sterners.se\/?s={search_term_string}\",\"query-input\":\"required name=search_term_string\"}],\"inLanguage\":\"de\"},{\"@type\":\"ImageObject\",\"@id\":\"https:\/\/www.sterners.se\/de\/mercur\/produkte\/luft-wassereinheit\/auto-service-470\/#primaryimage\",\"inLanguage\":\"de\",\"url\":\"https:\/\/www.sterners.se\/wp-content\/uploads\/2018\/06\/Auto-service-470_h1518.jpg\",\"contentUrl\":\"https:\/\/www.sterners.se\/wp-content\/uploads\/2018\/06\/Auto-service-470_h1518.jpg\",\"width\":1045,\"height\":1518},{\"@type\":\"WebPage\",\"@id\":\"https:\/\/www.sterners.se\/de\/mercur\/produkte\/luft-wassereinheit\/auto-service-470\/#webpage\",\"url\":\"https:\/\/www.sterners.se\/de\/mercur\/produkte\/luft-wassereinheit\/auto-service-470\/\",\"name\":\"Auto Service 470 - Sterners\",\"isPartOf\":{\"@id\":\"https:\/\/www.sterners.se\/#website\"},\"primaryImageOfPage\":{\"@id\":\"https:\/\/www.sterners.se\/de\/mercur\/produkte\/luft-wassereinheit\/auto-service-470\/#primaryimage\"},\"datePublished\":\"2019-11-13T14:57:08+00:00\",\"dateModified\":\"2020-01-28T10:25:40+00:00\",\"breadcrumb\":{\"@id\":\"https:\/\/www.sterners.se\/de\/mercur\/produkte\/luft-wassereinheit\/auto-service-470\/#breadcrumb\"},\"inLanguage\":\"de\",\"potentialAction\":[{\"@type\":\"ReadAction\",\"target\":[\"https:\/\/www.sterners.se\/de\/mercur\/produkte\/luft-wassereinheit\/auto-service-470\/\"]}]},{\"@type\":\"BreadcrumbList\",\"@id\":\"https:\/\/www.sterners.se\/de\/mercur\/produkte\/luft-wassereinheit\/auto-service-470\/#breadcrumb\",\"itemListElement\":[{\"@type\":\"ListItem\",\"position\":1,\"item\":{\"@type\":\"WebPage\",\"@id\":\"https:\/\/www.sterners.se\/de\/\",\"url\":\"https:\/\/www.sterners.se\/de\/\",\"name\":\"Home\"}},{\"@type\":\"ListItem\",\"position\":2,\"item\":{\"@type\":\"WebPage\",\"@id\":\"https:\/\/www.sterners.se\/de\/mercur\/\",\"url\":\"https:\/\/www.sterners.se\/de\/mercur\/\",\"name\":\"Mercur\"}},{\"@type\":\"ListItem\",\"position\":3,\"item\":{\"@type\":\"WebPage\",\"@id\":\"https:\/\/www.sterners.se\/de\/mercur\/produkte\/\",\"url\":\"https:\/\/www.sterners.se\/de\/mercur\/produkte\/\",\"name\":\"Produkte\"}},{\"@type\":\"ListItem\",\"position\":4,\"item\":{\"@type\":\"WebPage\",\"@id\":\"https:\/\/www.sterners.se\/de\/mercur\/produkte\/luft-wassereinheit\/\",\"url\":\"https:\/\/www.sterners.se\/de\/mercur\/produkte\/luft-wassereinheit\/\",\"name\":\"Luft-\/Wassereinheit\"}},{\"@type\":\"ListItem\",\"position\":5,\"item\":{\"@type\":\"WebPage\",\"@id\":\"https:\/\/www.sterners.se\/de\/mercur\/produkte\/luft-wassereinheit\/auto-service-470\/\",\"url\":\"https:\/\/www.sterners.se\/de\/mercur\/produkte\/luft-wassereinheit\/auto-service-470\/\",\"name\":\"Auto Service 470\"}}]}]}<\/script>\n<!-- \/ Yoast SEO plugin. -->","_links":{"self":[{"href":"https:\/\/www.sterners.se\/de\/wp-json\/wp\/v2\/pages\/1492"}],"collection":[{"href":"https:\/\/www.sterners.se\/de\/wp-json\/wp\/v2\/pages"}],"about":[{"href":"https:\/\/www.sterners.se\/de\/wp-json\/wp\/v2\/types\/page"}],"author":[{"embeddable":true,"href":"https:\/\/www.sterners.se\/de\/wp-json\/wp\/v2\/users\/3"}],"replies":[{"embeddable":true,"href":"https:\/\/www.sterners.se\/de\/wp-json\/wp\/v2\/comments?post=1492"}],"version-history":[{"count":2,"href":"https:\/\/www.sterners.se\/de\/wp-json\/wp\/v2\/pages\/1492\/revisions"}],"predecessor-version":[{"id":1520,"href":"https:\/\/www.sterners.se\/de\/wp-json\/wp\/v2\/pages\/1492\/revisions\/1520"}],"up":[{"embeddable":true,"href":"https:\/\/www.sterners.se\/de\/wp-json\/wp\/v2\/pages\/1518"}],"wp:attachment":[{"href":"https:\/\/www.sterners.se\/de\/wp-json\/wp\/v2\/media?parent=1492"}],"curies":[{"name":"wp","href":"https:\/\/api.w.org\/{rel}","templated":true}]}}