{"id":1490,"date":"2019-11-13T15:39:46","date_gmt":"2019-11-13T14:39:46","guid":{"rendered":"https:\/\/www.sterners.se\/mattengrobreiniger\/"},"modified":"2020-01-28T11:24:02","modified_gmt":"2020-01-28T10:24:02","slug":"mattengrobreiniger","status":"publish","type":"page","link":"https:\/\/www.sterners.se\/de\/mercur\/produkte\/innenreinigung\/mattengrobreiniger\/","title":{"rendered":"Mattengrobreiniger"},"content":{"rendered":"<h1>Mattengrobreiniger<\/h1>\n<h1><a href=\"https:\/\/www.sterners.se\/wp-content\/uploads\/2018\/06\/Mat-beater-750_h569.jpg\" target=\"_blank\" rel=\"noopener noreferrer\"><img loading=\"lazy\" class=\"alignright wp-image-544\" src=\"https:\/\/www.sterners.se\/wp-content\/uploads\/2018\/06\/Mat-beater-750_h569-181x300.jpg\" alt=\"\" width=\"272\" height=\"450\" srcset=\"https:\/\/www.sterners.se\/wp-content\/uploads\/2018\/06\/Mat-beater-750_h569-181x300.jpg 181w, https:\/\/www.sterners.se\/wp-content\/uploads\/2018\/06\/Mat-beater-750_h569.jpg 344w\" sizes=\"(max-width: 639px) 98vw, (max-width: 1199px) 64vw, 272px\" \/><\/a><\/h1>\n<p>Mattenreiniger 750 och 760 &#8211; f\u00fcr die Vorreinigung von Automatten. Man staubt die Matten am Gitter aus. Modell 760 ist mit einem ausleerbahren Schmutzbeh\u00e4lter versehen. Eine praktische Erg\u00e4nzung zum Staubsauger und Mattenw\u00e4scher.<\/p>\n<h4>Modell 750<\/h4>\n<p>BxTxH: 570 x 400 x 1050 mm<\/p>\n<h4>Modell 760<\/h4>\n<p>BxTxH: 600 x 350 x 1000 mm<\/p>\n<p>&nbsp;<\/p>\n<p><a href=\"https:\/\/www.sterners.se\/wp-content\/uploads\/2018\/06\/Mat-beater-760_h593.jpg\" target=\"_blank\" rel=\"noopener noreferrer\"><img loading=\"lazy\" class=\"alignright wp-image-543\" src=\"https:\/\/www.sterners.se\/wp-content\/uploads\/2018\/06\/Mat-beater-760_h593-194x300.jpg\" alt=\"\" width=\"291\" height=\"450\" srcset=\"https:\/\/www.sterners.se\/wp-content\/uploads\/2018\/06\/Mat-beater-760_h593-194x300.jpg 194w, https:\/\/www.sterners.se\/wp-content\/uploads\/2018\/06\/Mat-beater-760_h593.jpg 384w\" sizes=\"(max-width: 639px) 98vw, (max-width: 1199px) 64vw, 291px\" \/><\/a><\/p>\n","protected":false},"excerpt":{"rendered":"<p>Mattengrobreiniger Mattenreiniger 750 och 760 &#8211; f\u00fcr die Vorreinigung von Automatten. Man staubt die Matten am Gitter aus. Modell 760 ist mit einem ausleerbahren Schmutzbeh\u00e4lter versehen. Eine praktische Erg\u00e4nzung zum&#8230;<\/p>\n","protected":false},"author":3,"featured_media":0,"parent":1515,"menu_order":0,"comment_status":"closed","ping_status":"closed","template":"","meta":[],"yoast_head":"<!-- This site is optimized with the Yoast SEO plugin v16.1.1 - https:\/\/yoast.com\/wordpress\/plugins\/seo\/ -->\n<title>Mattengrobreiniger - Sterners<\/title>\n<link rel=\"canonical\" href=\"https:\/\/www.sterners.se\/de\/mercur\/produkte\/innenreinigung\/mattengrobreiniger\/\" \/>\n<meta property=\"og:locale\" content=\"de_DE\" \/>\n<meta property=\"og:type\" content=\"article\" \/>\n<meta property=\"og:title\" content=\"Mattengrobreiniger - Sterners\" \/>\n<meta property=\"og:description\" content=\"Mattengrobreiniger Mattenreiniger 750 och 760 &#8211; f\u00fcr die Vorreinigung von Automatten. Man staubt die Matten am Gitter aus. Modell 760 ist mit einem ausleerbahren Schmutzbeh\u00e4lter versehen. Eine praktische Erg\u00e4nzung zum...\" \/>\n<meta property=\"og:url\" content=\"https:\/\/www.sterners.se\/de\/mercur\/produkte\/innenreinigung\/mattengrobreiniger\/\" \/>\n<meta property=\"og:site_name\" content=\"Sterners\" \/>\n<meta property=\"article:modified_time\" content=\"2020-01-28T10:24:02+00:00\" \/>\n<meta property=\"og:image\" content=\"https:\/\/www.sterners.se\/wp-content\/uploads\/2018\/06\/Mat-beater-750_h569-181x300.jpg\" \/>\n<meta name=\"twitter:card\" content=\"summary_large_image\" \/>\n<script type=\"application\/ld+json\" class=\"yoast-schema-graph\">{\"@context\":\"https:\/\/schema.org\",\"@graph\":[{\"@type\":\"WebSite\",\"@id\":\"https:\/\/www.sterners.se\/#website\",\"url\":\"https:\/\/www.sterners.se\/\",\"name\":\"Sterners\",\"description\":\"Innovative solutions you meet every day\",\"potentialAction\":[{\"@type\":\"SearchAction\",\"target\":\"https:\/\/www.sterners.se\/?s={search_term_string}\",\"query-input\":\"required name=search_term_string\"}],\"inLanguage\":\"de\"},{\"@type\":\"ImageObject\",\"@id\":\"https:\/\/www.sterners.se\/de\/mercur\/produkte\/innenreinigung\/mattengrobreiniger\/#primaryimage\",\"inLanguage\":\"de\",\"url\":\"https:\/\/www.sterners.se\/wp-content\/uploads\/2018\/06\/Mat-beater-750_h569.jpg\",\"contentUrl\":\"https:\/\/www.sterners.se\/wp-content\/uploads\/2018\/06\/Mat-beater-750_h569.jpg\",\"width\":344,\"height\":569},{\"@type\":\"WebPage\",\"@id\":\"https:\/\/www.sterners.se\/de\/mercur\/produkte\/innenreinigung\/mattengrobreiniger\/#webpage\",\"url\":\"https:\/\/www.sterners.se\/de\/mercur\/produkte\/innenreinigung\/mattengrobreiniger\/\",\"name\":\"Mattengrobreiniger - Sterners\",\"isPartOf\":{\"@id\":\"https:\/\/www.sterners.se\/#website\"},\"primaryImageOfPage\":{\"@id\":\"https:\/\/www.sterners.se\/de\/mercur\/produkte\/innenreinigung\/mattengrobreiniger\/#primaryimage\"},\"datePublished\":\"2019-11-13T14:39:46+00:00\",\"dateModified\":\"2020-01-28T10:24:02+00:00\",\"breadcrumb\":{\"@id\":\"https:\/\/www.sterners.se\/de\/mercur\/produkte\/innenreinigung\/mattengrobreiniger\/#breadcrumb\"},\"inLanguage\":\"de\",\"potentialAction\":[{\"@type\":\"ReadAction\",\"target\":[\"https:\/\/www.sterners.se\/de\/mercur\/produkte\/innenreinigung\/mattengrobreiniger\/\"]}]},{\"@type\":\"BreadcrumbList\",\"@id\":\"https:\/\/www.sterners.se\/de\/mercur\/produkte\/innenreinigung\/mattengrobreiniger\/#breadcrumb\",\"itemListElement\":[{\"@type\":\"ListItem\",\"position\":1,\"item\":{\"@type\":\"WebPage\",\"@id\":\"https:\/\/www.sterners.se\/de\/\",\"url\":\"https:\/\/www.sterners.se\/de\/\",\"name\":\"Home\"}},{\"@type\":\"ListItem\",\"position\":2,\"item\":{\"@type\":\"WebPage\",\"@id\":\"https:\/\/www.sterners.se\/de\/mercur\/\",\"url\":\"https:\/\/www.sterners.se\/de\/mercur\/\",\"name\":\"Mercur\"}},{\"@type\":\"ListItem\",\"position\":3,\"item\":{\"@type\":\"WebPage\",\"@id\":\"https:\/\/www.sterners.se\/de\/mercur\/produkte\/\",\"url\":\"https:\/\/www.sterners.se\/de\/mercur\/produkte\/\",\"name\":\"Produkte\"}},{\"@type\":\"ListItem\",\"position\":4,\"item\":{\"@type\":\"WebPage\",\"@id\":\"https:\/\/www.sterners.se\/de\/mercur\/produkte\/innenreinigung\/\",\"url\":\"https:\/\/www.sterners.se\/de\/mercur\/produkte\/innenreinigung\/\",\"name\":\"Innenreinigung\"}},{\"@type\":\"ListItem\",\"position\":5,\"item\":{\"@type\":\"WebPage\",\"@id\":\"https:\/\/www.sterners.se\/de\/mercur\/produkte\/innenreinigung\/mattengrobreiniger\/\",\"url\":\"https:\/\/www.sterners.se\/de\/mercur\/produkte\/innenreinigung\/mattengrobreiniger\/\",\"name\":\"Mattengrobreiniger\"}}]}]}<\/script>\n<!-- \/ Yoast SEO plugin. -->","_links":{"self":[{"href":"https:\/\/www.sterners.se\/de\/wp-json\/wp\/v2\/pages\/1490"}],"collection":[{"href":"https:\/\/www.sterners.se\/de\/wp-json\/wp\/v2\/pages"}],"about":[{"href":"https:\/\/www.sterners.se\/de\/wp-json\/wp\/v2\/types\/page"}],"author":[{"embeddable":true,"href":"https:\/\/www.sterners.se\/de\/wp-json\/wp\/v2\/users\/3"}],"replies":[{"embeddable":true,"href":"https:\/\/www.sterners.se\/de\/wp-json\/wp\/v2\/comments?post=1490"}],"version-history":[{"count":1,"href":"https:\/\/www.sterners.se\/de\/wp-json\/wp\/v2\/pages\/1490\/revisions"}],"predecessor-version":[{"id":1517,"href":"https:\/\/www.sterners.se\/de\/wp-json\/wp\/v2\/pages\/1490\/revisions\/1517"}],"up":[{"embeddable":true,"href":"https:\/\/www.sterners.se\/de\/wp-json\/wp\/v2\/pages\/1515"}],"wp:attachment":[{"href":"https:\/\/www.sterners.se\/de\/wp-json\/wp\/v2\/media?parent=1490"}],"curies":[{"name":"wp","href":"https:\/\/api.w.org\/{rel}","templated":true}]}}