{"id":1469,"date":"2019-10-30T11:57:07","date_gmt":"2019-10-30T10:57:07","guid":{"rendered":"https:\/\/www.sterners.se\/auto-mat-washer\/"},"modified":"2019-11-13T15:56:15","modified_gmt":"2019-11-13T14:56:15","slug":"auto-mat-washer","status":"publish","type":"page","link":"https:\/\/www.sterners.se\/de\/mercur\/produkte\/innenreinigung\/auto-mat-washer\/","title":{"rendered":"Auto Mat Washer"},"content":{"rendered":"<h1>Auto Mat Washer<\/h1>\n<p><a href=\"https:\/\/www.sterners.se\/wp-content\/uploads\/2018\/06\/Car-mat-wash_b852.jpg\" target=\"_blank\" rel=\"noopener noreferrer\"><img loading=\"lazy\" class=\"alignright wp-image-560\" src=\"https:\/\/www.sterners.se\/wp-content\/uploads\/2018\/06\/Car-mat-wash_b852-276x300.jpg\" alt=\"\" width=\"461\" height=\"500\" srcset=\"https:\/\/www.sterners.se\/wp-content\/uploads\/2018\/06\/Car-mat-wash_b852-276x300.jpg 276w, https:\/\/www.sterners.se\/wp-content\/uploads\/2018\/06\/Car-mat-wash_b852-768x834.jpg 768w, https:\/\/www.sterners.se\/wp-content\/uploads\/2018\/06\/Car-mat-wash_b852-640x695.jpg 640w, https:\/\/www.sterners.se\/wp-content\/uploads\/2018\/06\/Car-mat-wash_b852.jpg 852w\" sizes=\"(max-width: 639px) 98vw, (max-width: 1199px) 64vw, 461px\" \/><\/a><\/p>\n<p>F\u00fcr effektive Reinigung von Automatten.<br \/>\nWaschsystem mit rotierenden B\u00fcrsten und Wasser reinigt Gummi- und Textilmatten effektiv.<br \/>\nW\u00e4hlen sie zwischen M\u00fcnz- und Druck-knopfstart.<br \/>\nHerstellung in rostfreiem Stahl.<\/p>\n<h4>Zuwahl<\/h4>\n<p>\u2022 Frostgesch\u00fctzte Ausf\u00fchrung mit thermostat Heizl\u00fcfter und Isolierung<br \/>\n\u2022 \u201dWash n\u2019 Dry\u201d eingebauter Trockner f\u00fcr Matten nach einer W\u00e4sche<br \/>\n\u2022 Ablegefl\u00e4che f\u00fcr Matten<\/p>\n<table style=\"border-color: #8f8f8f;\" border=\"3\">\n<tbody>\n<tr>\n<td><strong><span style=\"font-size: x-small;\">EFFEKT MOTOR<\/span><\/strong><\/td>\n<td><strong><span style=\"font-size: x-small;\">EFFEKT W\u00c4RME<\/span><\/strong><\/td>\n<td><span style=\"font-size: xx-small;\"><b>WASSER<\/b><\/span><\/td>\n<td><strong><span style=\"font-size: x-small;\">WASSER-ANSCHLUSS<\/span><\/strong><\/td>\n<td><strong><span style=\"font-size: x-small;\">ABLAUF<\/span><\/strong><\/td>\n<td><strong><span style=\"font-size: x-small;\">MAX MATTENBREITE<\/span><\/strong><\/td>\n<td><strong><span style=\"font-size: x-small;\">BxTxH mm<br \/>\n<\/span><\/strong><\/td>\n<\/tr>\n<tr>\n<td><span style=\"font-size: x-small;\">400 W<\/span><\/td>\n<td><span style=\"font-size: x-small;\">2000 W<\/span><\/td>\n<td><span style=\"font-size: x-small;\">Ca 2 lit\/min<\/span><\/td>\n<td><span style=\"font-size: x-small;\">12 mm<\/span><\/td>\n<td><span style=\"font-size: x-small;\">50 mm<\/span><\/td>\n<td><span style=\"font-size: x-small;\">800 mm<\/span><\/td>\n<td><span style=\"font-size: x-small;\">1200x545x1320<br \/>\n<\/span><\/td>\n<\/tr>\n<\/tbody>\n<\/table>\n<p>&nbsp;<\/p>\n","protected":false},"excerpt":{"rendered":"<p>Auto Mat Washer F\u00fcr effektive Reinigung von Automatten. Waschsystem mit rotierenden B\u00fcrsten und Wasser reinigt Gummi- und Textilmatten effektiv. W\u00e4hlen sie zwischen M\u00fcnz- und Druck-knopfstart. Herstellung in rostfreiem Stahl. Zuwahl&#8230;<\/p>\n","protected":false},"author":3,"featured_media":0,"parent":1515,"menu_order":0,"comment_status":"closed","ping_status":"closed","template":"","meta":[],"yoast_head":"<!-- This site is optimized with the Yoast SEO plugin v16.1.1 - https:\/\/yoast.com\/wordpress\/plugins\/seo\/ -->\n<title>Auto Mat Washer - Sterners<\/title>\n<link rel=\"canonical\" href=\"https:\/\/www.sterners.se\/de\/mercur\/produkte\/innenreinigung\/auto-mat-washer\/\" \/>\n<meta property=\"og:locale\" content=\"de_DE\" \/>\n<meta property=\"og:type\" content=\"article\" \/>\n<meta property=\"og:title\" content=\"Auto Mat Washer - Sterners\" \/>\n<meta property=\"og:description\" content=\"Auto Mat Washer F\u00fcr effektive Reinigung von Automatten. Waschsystem mit rotierenden B\u00fcrsten und Wasser reinigt Gummi- und Textilmatten effektiv. W\u00e4hlen sie zwischen M\u00fcnz- und Druck-knopfstart. Herstellung in rostfreiem Stahl. Zuwahl...\" \/>\n<meta property=\"og:url\" content=\"https:\/\/www.sterners.se\/de\/mercur\/produkte\/innenreinigung\/auto-mat-washer\/\" \/>\n<meta property=\"og:site_name\" content=\"Sterners\" \/>\n<meta property=\"article:modified_time\" content=\"2019-11-13T14:56:15+00:00\" \/>\n<meta property=\"og:image\" content=\"https:\/\/www.sterners.se\/wp-content\/uploads\/2018\/06\/Car-mat-wash_b852-276x300.jpg\" \/>\n<meta name=\"twitter:card\" content=\"summary_large_image\" \/>\n<script type=\"application\/ld+json\" class=\"yoast-schema-graph\">{\"@context\":\"https:\/\/schema.org\",\"@graph\":[{\"@type\":\"WebSite\",\"@id\":\"https:\/\/www.sterners.se\/#website\",\"url\":\"https:\/\/www.sterners.se\/\",\"name\":\"Sterners\",\"description\":\"Innovative solutions you meet every day\",\"potentialAction\":[{\"@type\":\"SearchAction\",\"target\":\"https:\/\/www.sterners.se\/?s={search_term_string}\",\"query-input\":\"required name=search_term_string\"}],\"inLanguage\":\"de\"},{\"@type\":\"ImageObject\",\"@id\":\"https:\/\/www.sterners.se\/de\/mercur\/produkte\/innenreinigung\/auto-mat-washer\/#primaryimage\",\"inLanguage\":\"de\",\"url\":\"https:\/\/www.sterners.se\/wp-content\/uploads\/2018\/06\/Car-mat-wash_b852.jpg\",\"contentUrl\":\"https:\/\/www.sterners.se\/wp-content\/uploads\/2018\/06\/Car-mat-wash_b852.jpg\",\"width\":852,\"height\":925},{\"@type\":\"WebPage\",\"@id\":\"https:\/\/www.sterners.se\/de\/mercur\/produkte\/innenreinigung\/auto-mat-washer\/#webpage\",\"url\":\"https:\/\/www.sterners.se\/de\/mercur\/produkte\/innenreinigung\/auto-mat-washer\/\",\"name\":\"Auto Mat Washer - Sterners\",\"isPartOf\":{\"@id\":\"https:\/\/www.sterners.se\/#website\"},\"primaryImageOfPage\":{\"@id\":\"https:\/\/www.sterners.se\/de\/mercur\/produkte\/innenreinigung\/auto-mat-washer\/#primaryimage\"},\"datePublished\":\"2019-10-30T10:57:07+00:00\",\"dateModified\":\"2019-11-13T14:56:15+00:00\",\"breadcrumb\":{\"@id\":\"https:\/\/www.sterners.se\/de\/mercur\/produkte\/innenreinigung\/auto-mat-washer\/#breadcrumb\"},\"inLanguage\":\"de\",\"potentialAction\":[{\"@type\":\"ReadAction\",\"target\":[\"https:\/\/www.sterners.se\/de\/mercur\/produkte\/innenreinigung\/auto-mat-washer\/\"]}]},{\"@type\":\"BreadcrumbList\",\"@id\":\"https:\/\/www.sterners.se\/de\/mercur\/produkte\/innenreinigung\/auto-mat-washer\/#breadcrumb\",\"itemListElement\":[{\"@type\":\"ListItem\",\"position\":1,\"item\":{\"@type\":\"WebPage\",\"@id\":\"https:\/\/www.sterners.se\/de\/\",\"url\":\"https:\/\/www.sterners.se\/de\/\",\"name\":\"Home\"}},{\"@type\":\"ListItem\",\"position\":2,\"item\":{\"@type\":\"WebPage\",\"@id\":\"https:\/\/www.sterners.se\/de\/mercur\/\",\"url\":\"https:\/\/www.sterners.se\/de\/mercur\/\",\"name\":\"Mercur\"}},{\"@type\":\"ListItem\",\"position\":3,\"item\":{\"@type\":\"WebPage\",\"@id\":\"https:\/\/www.sterners.se\/de\/mercur\/produkte\/\",\"url\":\"https:\/\/www.sterners.se\/de\/mercur\/produkte\/\",\"name\":\"Produkte\"}},{\"@type\":\"ListItem\",\"position\":4,\"item\":{\"@type\":\"WebPage\",\"@id\":\"https:\/\/www.sterners.se\/de\/mercur\/produkte\/innenreinigung\/\",\"url\":\"https:\/\/www.sterners.se\/de\/mercur\/produkte\/innenreinigung\/\",\"name\":\"Innenreinigung\"}},{\"@type\":\"ListItem\",\"position\":5,\"item\":{\"@type\":\"WebPage\",\"@id\":\"https:\/\/www.sterners.se\/de\/mercur\/produkte\/innenreinigung\/auto-mat-washer\/\",\"url\":\"https:\/\/www.sterners.se\/de\/mercur\/produkte\/innenreinigung\/auto-mat-washer\/\",\"name\":\"Auto Mat Washer\"}}]}]}<\/script>\n<!-- \/ Yoast SEO plugin. -->","_links":{"self":[{"href":"https:\/\/www.sterners.se\/de\/wp-json\/wp\/v2\/pages\/1469"}],"collection":[{"href":"https:\/\/www.sterners.se\/de\/wp-json\/wp\/v2\/pages"}],"about":[{"href":"https:\/\/www.sterners.se\/de\/wp-json\/wp\/v2\/types\/page"}],"author":[{"embeddable":true,"href":"https:\/\/www.sterners.se\/de\/wp-json\/wp\/v2\/users\/3"}],"replies":[{"embeddable":true,"href":"https:\/\/www.sterners.se\/de\/wp-json\/wp\/v2\/comments?post=1469"}],"version-history":[{"count":1,"href":"https:\/\/www.sterners.se\/de\/wp-json\/wp\/v2\/pages\/1469\/revisions"}],"predecessor-version":[{"id":1491,"href":"https:\/\/www.sterners.se\/de\/wp-json\/wp\/v2\/pages\/1469\/revisions\/1491"}],"up":[{"embeddable":true,"href":"https:\/\/www.sterners.se\/de\/wp-json\/wp\/v2\/pages\/1515"}],"wp:attachment":[{"href":"https:\/\/www.sterners.se\/de\/wp-json\/wp\/v2\/media?parent=1469"}],"curies":[{"name":"wp","href":"https:\/\/api.w.org\/{rel}","templated":true}]}}