{"id":1466,"date":"2019-10-29T13:22:28","date_gmt":"2019-10-29T12:22:28","guid":{"rendered":"https:\/\/www.sterners.se\/mercur\/"},"modified":"2020-02-17T15:38:14","modified_gmt":"2020-02-17T14:38:14","slug":"mercur","status":"publish","type":"page","link":"https:\/\/www.sterners.se\/de\/mercur\/","title":{"rendered":"Mercur"},"content":{"rendered":"<p>Mit unserem Mercur Produktprogramm sind wir einer der wichtigsten Hersteller und Lieferant von Autopflegeausr\u00fcstung. Unsere Produkte entwickeln und designern wir in enger Zusammenarbeit mit unseren Kunden, haupts\u00e4chlich Tankstellennetze und Autopflegeanlagen. Wir legen grossen Wert auf gute Funktion, Zuverl\u00e4ssigkeit, einfache Handhabung, sicheren Betrieb und lange Lebensdauer. Wir sind ein kompletter Lieferant von Serviceausr\u00fcstung f\u00fcr einen breiten Kundservice an ihrer Station.<\/p>\n<p>Selbstverst\u00e4ndlich k\u00f6nnen unsere Produkte an ihr Profil angepasst werden.<\/p>\n","protected":false},"excerpt":{"rendered":"<p>Mit unserem Mercur Produktprogramm sind wir einer der wichtigsten Hersteller und Lieferant von Autopflegeausr\u00fcstung. Unsere Produkte entwickeln und designern wir in enger Zusammenarbeit mit unseren Kunden, haupts\u00e4chlich Tankstellennetze und Autopflegeanlagen&#8230;.<\/p>\n","protected":false},"author":3,"featured_media":1742,"parent":0,"menu_order":9,"comment_status":"closed","ping_status":"closed","template":"","meta":[],"yoast_head":"<!-- This site is optimized with the Yoast SEO plugin v16.1.1 - https:\/\/yoast.com\/wordpress\/plugins\/seo\/ -->\n<title>Mercur - Sterners<\/title>\n<link rel=\"canonical\" href=\"https:\/\/www.sterners.se\/de\/mercur\/\" \/>\n<meta property=\"og:locale\" content=\"de_DE\" \/>\n<meta property=\"og:type\" content=\"article\" \/>\n<meta property=\"og:title\" content=\"Mercur - Sterners\" \/>\n<meta property=\"og:description\" content=\"Mit unserem Mercur Produktprogramm sind wir einer der wichtigsten Hersteller und Lieferant von Autopflegeausr\u00fcstung. Unsere Produkte entwickeln und designern wir in enger Zusammenarbeit mit unseren Kunden, haupts\u00e4chlich Tankstellennetze und Autopflegeanlagen....\" \/>\n<meta property=\"og:url\" content=\"https:\/\/www.sterners.se\/de\/mercur\/\" \/>\n<meta property=\"og:site_name\" content=\"Sterners\" \/>\n<meta property=\"article:modified_time\" content=\"2020-02-17T14:38:14+00:00\" \/>\n<meta name=\"twitter:card\" content=\"summary_large_image\" \/>\n<script type=\"application\/ld+json\" class=\"yoast-schema-graph\">{\"@context\":\"https:\/\/schema.org\",\"@graph\":[{\"@type\":\"WebSite\",\"@id\":\"https:\/\/www.sterners.se\/#website\",\"url\":\"https:\/\/www.sterners.se\/\",\"name\":\"Sterners\",\"description\":\"Innovative solutions you meet every day\",\"potentialAction\":[{\"@type\":\"SearchAction\",\"target\":\"https:\/\/www.sterners.se\/?s={search_term_string}\",\"query-input\":\"required name=search_term_string\"}],\"inLanguage\":\"de\"},{\"@type\":\"ImageObject\",\"@id\":\"https:\/\/www.sterners.se\/de\/mercur\/#primaryimage\",\"inLanguage\":\"de\",\"url\":\"https:\/\/www.sterners.se\/wp-content\/uploads\/2018\/05\/mercur-bilen-m-3gubbar-2200pt_v3.jpg\",\"contentUrl\":\"https:\/\/www.sterners.se\/wp-content\/uploads\/2018\/05\/mercur-bilen-m-3gubbar-2200pt_v3.jpg\",\"width\":2200,\"height\":1100},{\"@type\":\"WebPage\",\"@id\":\"https:\/\/www.sterners.se\/de\/mercur\/#webpage\",\"url\":\"https:\/\/www.sterners.se\/de\/mercur\/\",\"name\":\"Mercur - Sterners\",\"isPartOf\":{\"@id\":\"https:\/\/www.sterners.se\/#website\"},\"primaryImageOfPage\":{\"@id\":\"https:\/\/www.sterners.se\/de\/mercur\/#primaryimage\"},\"datePublished\":\"2019-10-29T12:22:28+00:00\",\"dateModified\":\"2020-02-17T14:38:14+00:00\",\"breadcrumb\":{\"@id\":\"https:\/\/www.sterners.se\/de\/mercur\/#breadcrumb\"},\"inLanguage\":\"de\",\"potentialAction\":[{\"@type\":\"ReadAction\",\"target\":[\"https:\/\/www.sterners.se\/de\/mercur\/\"]}]},{\"@type\":\"BreadcrumbList\",\"@id\":\"https:\/\/www.sterners.se\/de\/mercur\/#breadcrumb\",\"itemListElement\":[{\"@type\":\"ListItem\",\"position\":1,\"item\":{\"@type\":\"WebPage\",\"@id\":\"https:\/\/www.sterners.se\/de\/\",\"url\":\"https:\/\/www.sterners.se\/de\/\",\"name\":\"Home\"}},{\"@type\":\"ListItem\",\"position\":2,\"item\":{\"@type\":\"WebPage\",\"@id\":\"https:\/\/www.sterners.se\/de\/mercur\/\",\"url\":\"https:\/\/www.sterners.se\/de\/mercur\/\",\"name\":\"Mercur\"}}]}]}<\/script>\n<!-- \/ Yoast SEO plugin. -->","_links":{"self":[{"href":"https:\/\/www.sterners.se\/de\/wp-json\/wp\/v2\/pages\/1466"}],"collection":[{"href":"https:\/\/www.sterners.se\/de\/wp-json\/wp\/v2\/pages"}],"about":[{"href":"https:\/\/www.sterners.se\/de\/wp-json\/wp\/v2\/types\/page"}],"author":[{"embeddable":true,"href":"https:\/\/www.sterners.se\/de\/wp-json\/wp\/v2\/users\/3"}],"replies":[{"embeddable":true,"href":"https:\/\/www.sterners.se\/de\/wp-json\/wp\/v2\/comments?post=1466"}],"version-history":[{"count":1,"href":"https:\/\/www.sterners.se\/de\/wp-json\/wp\/v2\/pages\/1466\/revisions"}],"predecessor-version":[{"id":1498,"href":"https:\/\/www.sterners.se\/de\/wp-json\/wp\/v2\/pages\/1466\/revisions\/1498"}],"wp:featuredmedia":[{"embeddable":true,"href":"https:\/\/www.sterners.se\/de\/wp-json\/wp\/v2\/media\/1742"}],"wp:attachment":[{"href":"https:\/\/www.sterners.se\/de\/wp-json\/wp\/v2\/media?parent=1466"}],"curies":[{"name":"wp","href":"https:\/\/api.w.org\/{rel}","templated":true}]}}