{"id":1462,"date":"2019-10-29T11:44:03","date_gmt":"2019-10-29T10:44:03","guid":{"rendered":"https:\/\/www.sterners.se\/multiservice-4000\/"},"modified":"2019-10-29T11:44:03","modified_gmt":"2019-10-29T10:44:03","slug":"multiservice-4000","status":"publish","type":"page","link":"https:\/\/www.sterners.se\/de\/mercur\/produkte\/staubsauger\/multiservice-4000\/","title":{"rendered":"Multiservice 4000"},"content":{"rendered":"<h1>Multiservice 4000<\/h1>\n<p><a href=\"https:\/\/www.sterners.se\/wp-content\/uploads\/2018\/06\/Multiservice4000_b1248.jpg\" target=\"_blank\" rel=\"noopener noreferrer\"><img loading=\"lazy\" class=\"alignright wp-image-561\" src=\"https:\/\/www.sterners.se\/wp-content\/uploads\/2018\/06\/Multiservice4000_b1248-227x300.jpg\" alt=\"\" width=\"416\" height=\"550\" srcset=\"https:\/\/www.sterners.se\/wp-content\/uploads\/2018\/06\/Multiservice4000_b1248-227x300.jpg 227w, https:\/\/www.sterners.se\/wp-content\/uploads\/2018\/06\/Multiservice4000_b1248-768x1015.jpg 768w, https:\/\/www.sterners.se\/wp-content\/uploads\/2018\/06\/Multiservice4000_b1248-775x1024.jpg 775w, https:\/\/www.sterners.se\/wp-content\/uploads\/2018\/06\/Multiservice4000_b1248-640x846.jpg 640w, https:\/\/www.sterners.se\/wp-content\/uploads\/2018\/06\/Multiservice4000_b1248-1024x1353.jpg 1024w, https:\/\/www.sterners.se\/wp-content\/uploads\/2018\/06\/Multiservice4000_b1248-1200x1586.jpg 1200w, https:\/\/www.sterners.se\/wp-content\/uploads\/2018\/06\/Multiservice4000_b1248.jpg 1248w\" sizes=\"(max-width: 639px) 98vw, (max-width: 1199px) 64vw, 416px\" \/><\/a><\/p>\n<p>Multiservice 4000 vereint die Funktionen f\u00fcr staubsaugen, Luft, Wasser und Duft in einem Ger\u00e4t.<br \/>\nMultiservice 4000 wird aus rostfreiem Stahl hergestellt<\/p>\n<h4>Staubsauger<\/h4>\n<p>Ein superstarker Staubsauger f\u00fcr die Reinigung von Autos, der mit kraftvollen &#8222;longlife&#8220; Turbinenmotoren in 3-Phasen oder 1-Phasen Ausf\u00fchrung ausgestattet ist.<\/p>\n<h4>Luft\/Wasser<\/h4>\n<p>Mit einem Schlauchaufroller f\u00fcr Luft und Wasser ausger\u00fcstet.<\/p>\n<h4>Duft<\/h4>\n<p>Mit einem Duftverbesserer ausger\u00fcstet.<\/p>\n<h4>Zuwahl<\/h4>\n<p>\u2022 Federarm f\u00fcr den Staubsaugerschlauch<br \/>\n\u2022 Elektronischer Reifenf\u00fcller<br \/>\n\u2022 Federarm f\u00fcr den Duftschlauch<br \/>\n\u2022 Kompressor<\/p>\n<table style=\"border-color: #8f8f8f; background-color: #ffffff;\" border=\"3\">\n<tbody>\n<tr>\n<td><strong><span style=\"font-size: x-small;\">STAUBSAUGER<\/span><\/strong><\/td>\n<td><strong><span style=\"font-size: x-small;\">EFFEKT<\/span><\/strong><\/td>\n<td><strong><span style=\"font-size: x-small;\">LUFTVOLUMEN<\/span><\/strong><\/td>\n<td><strong><span style=\"font-size: x-small;\">MAX VAKUUM<\/span><\/strong><\/td>\n<td><strong><span style=\"font-size: x-small;\">ABFALLS- BEH\u00c4LTER<br \/>\n<\/span><\/strong><\/td>\n<td><strong><span style=\"font-size: x-small;\">SCHLAUCHAUSR\u00dcSTUNG<\/span><\/strong><\/td>\n<td><strong><span style=\"font-size: x-small;\">dB<\/span><\/strong><\/td>\n<td><strong><span style=\"font-size: x-small;\">BxTxH<\/span><\/strong><\/td>\n<\/tr>\n<tr>\n<td><span style=\"font-size: x-small;\">3-fas 400 V<\/span><\/td>\n<td><span style=\"font-size: x-small;\">3000 W<\/span><\/td>\n<td><span style=\"font-size: x-small;\">410 m3\/h<\/span><\/td>\n<td><span style=\"font-size: x-small;\">30,0 Kpa<\/span><\/td>\n<td><span style=\"font-size: x-small;\">40 liter<\/span><\/td>\n<td><span style=\"font-size: x-small;\">\u00f8 50\/38 mm, 6 m<\/span><\/td>\n<td><span style=\"font-size: x-small;\">65<\/span><\/td>\n<td><span style=\"font-size: x-small;\">1200x545x1400\/2400<\/span><\/td>\n<\/tr>\n<tr>\n<td><span style=\"font-size: x-small;\">3-fas 400 V<\/span><\/td>\n<td><span style=\"font-size: x-small;\">2200 W<\/span><\/td>\n<td><span style=\"font-size: x-small;\">310 m3\/h<\/span><\/td>\n<td><span style=\"font-size: x-small;\">29,0 Kpa<\/span><\/td>\n<td><span style=\"font-size: x-small;\">40 liter<br \/>\n<\/span><\/td>\n<td><span style=\"font-size: x-small;\">\u00f8 50\/38 mm, 6 m<\/span><\/td>\n<td><span style=\"font-size: x-small;\">63<\/span><\/td>\n<td><\/td>\n<\/tr>\n<tr>\n<td><span style=\"font-size: x-small;\">1-fas 230 V<\/span><\/td>\n<td><span style=\"font-size: x-small;\">1100 W<\/span><\/td>\n<td><span style=\"font-size: x-small;\">210 m3\/h<\/span><\/td>\n<td><span style=\"font-size: x-small;\">20,5 Kpa<\/span><\/td>\n<td><span style=\"font-size: x-small;\">40 liter<br \/>\n<\/span><\/td>\n<td><span style=\"font-size: x-small;\">\u00f8 50 mm, 6 m<\/span><\/td>\n<td><span style=\"font-size: x-small;\">63<\/span><\/td>\n<td><\/td>\n<\/tr>\n<\/tbody>\n<\/table>\n<table style=\"border-color: #8f8f8f;\" border=\"3\">\n<tbody>\n<tr>\n<td><strong><span style=\"font-size: x-small;\">DUFT<\/span><\/strong><\/td>\n<td><strong><span style=\"font-size: x-small;\">EFFEKT<\/span><\/strong><\/td>\n<td><strong><span style=\"font-size: x-small;\">PRODUKTE<\/span><\/strong><\/td>\n<td><strong><span style=\"font-size: x-small;\">\u00a0VOLUMEN<\/span><\/strong><\/td>\n<td><strong><span style=\"font-size: x-small;\">SCHLAUCHL\u00c4NGE<\/span><\/strong><\/td>\n<\/tr>\n<tr>\n<td><span style=\"font-size: x-small;\">1-fas 230 V<\/span><\/td>\n<td><span style=\"font-size: x-small;\">48 W<\/span><\/td>\n<td><span style=\"font-size: x-small;\">1<\/span><\/td>\n<td><span style=\"font-size: x-small;\">5 liter<\/span><\/td>\n<td><span style=\"font-size: x-small;\">4 m \/ 6 m<\/span><\/td>\n<\/tr>\n<\/tbody>\n<\/table>\n<p>&nbsp;<\/p>\n","protected":false},"excerpt":{"rendered":"<p>Multiservice 4000 Multiservice 4000 vereint die Funktionen f\u00fcr staubsaugen, Luft, Wasser und Duft in einem Ger\u00e4t. Multiservice 4000 wird aus rostfreiem Stahl hergestellt Staubsauger Ein superstarker Staubsauger f\u00fcr die Reinigung&#8230;<\/p>\n","protected":false},"author":3,"featured_media":0,"parent":1511,"menu_order":0,"comment_status":"closed","ping_status":"closed","template":"","meta":[],"yoast_head":"<!-- This site is optimized with the Yoast SEO plugin v16.1.1 - https:\/\/yoast.com\/wordpress\/plugins\/seo\/ -->\n<title>Multiservice 4000 - Sterners<\/title>\n<link rel=\"canonical\" href=\"https:\/\/www.sterners.se\/de\/mercur\/produkte\/staubsauger\/multiservice-4000\/\" \/>\n<meta property=\"og:locale\" content=\"de_DE\" \/>\n<meta property=\"og:type\" content=\"article\" \/>\n<meta property=\"og:title\" content=\"Multiservice 4000 - Sterners\" \/>\n<meta property=\"og:description\" content=\"Multiservice 4000 Multiservice 4000 vereint die Funktionen f\u00fcr staubsaugen, Luft, Wasser und Duft in einem Ger\u00e4t. Multiservice 4000 wird aus rostfreiem Stahl hergestellt Staubsauger Ein superstarker Staubsauger f\u00fcr die Reinigung...\" \/>\n<meta property=\"og:url\" content=\"https:\/\/www.sterners.se\/de\/mercur\/produkte\/staubsauger\/multiservice-4000\/\" \/>\n<meta property=\"og:site_name\" content=\"Sterners\" \/>\n<meta property=\"og:image\" content=\"https:\/\/www.sterners.se\/wp-content\/uploads\/2018\/06\/Multiservice4000_b1248-227x300.jpg\" \/>\n<meta name=\"twitter:card\" content=\"summary_large_image\" \/>\n<meta name=\"twitter:label1\" content=\"Gesch\u00e4tzte Lesezeit\">\n\t<meta name=\"twitter:data1\" content=\"1\u00a0Minute\">\n<script type=\"application\/ld+json\" class=\"yoast-schema-graph\">{\"@context\":\"https:\/\/schema.org\",\"@graph\":[{\"@type\":\"WebSite\",\"@id\":\"https:\/\/www.sterners.se\/#website\",\"url\":\"https:\/\/www.sterners.se\/\",\"name\":\"Sterners\",\"description\":\"Innovative solutions you meet every day\",\"potentialAction\":[{\"@type\":\"SearchAction\",\"target\":\"https:\/\/www.sterners.se\/?s={search_term_string}\",\"query-input\":\"required name=search_term_string\"}],\"inLanguage\":\"de\"},{\"@type\":\"ImageObject\",\"@id\":\"https:\/\/www.sterners.se\/de\/mercur\/produkte\/staubsauger\/multiservice-4000\/#primaryimage\",\"inLanguage\":\"de\",\"url\":\"https:\/\/www.sterners.se\/wp-content\/uploads\/2018\/06\/Multiservice4000_b1248.jpg\",\"contentUrl\":\"https:\/\/www.sterners.se\/wp-content\/uploads\/2018\/06\/Multiservice4000_b1248.jpg\",\"width\":1248,\"height\":1649},{\"@type\":\"WebPage\",\"@id\":\"https:\/\/www.sterners.se\/de\/mercur\/produkte\/staubsauger\/multiservice-4000\/#webpage\",\"url\":\"https:\/\/www.sterners.se\/de\/mercur\/produkte\/staubsauger\/multiservice-4000\/\",\"name\":\"Multiservice 4000 - Sterners\",\"isPartOf\":{\"@id\":\"https:\/\/www.sterners.se\/#website\"},\"primaryImageOfPage\":{\"@id\":\"https:\/\/www.sterners.se\/de\/mercur\/produkte\/staubsauger\/multiservice-4000\/#primaryimage\"},\"datePublished\":\"2019-10-29T10:44:03+00:00\",\"dateModified\":\"2019-10-29T10:44:03+00:00\",\"breadcrumb\":{\"@id\":\"https:\/\/www.sterners.se\/de\/mercur\/produkte\/staubsauger\/multiservice-4000\/#breadcrumb\"},\"inLanguage\":\"de\",\"potentialAction\":[{\"@type\":\"ReadAction\",\"target\":[\"https:\/\/www.sterners.se\/de\/mercur\/produkte\/staubsauger\/multiservice-4000\/\"]}]},{\"@type\":\"BreadcrumbList\",\"@id\":\"https:\/\/www.sterners.se\/de\/mercur\/produkte\/staubsauger\/multiservice-4000\/#breadcrumb\",\"itemListElement\":[{\"@type\":\"ListItem\",\"position\":1,\"item\":{\"@type\":\"WebPage\",\"@id\":\"https:\/\/www.sterners.se\/de\/\",\"url\":\"https:\/\/www.sterners.se\/de\/\",\"name\":\"Home\"}},{\"@type\":\"ListItem\",\"position\":2,\"item\":{\"@type\":\"WebPage\",\"@id\":\"https:\/\/www.sterners.se\/de\/mercur\/\",\"url\":\"https:\/\/www.sterners.se\/de\/mercur\/\",\"name\":\"Mercur\"}},{\"@type\":\"ListItem\",\"position\":3,\"item\":{\"@type\":\"WebPage\",\"@id\":\"https:\/\/www.sterners.se\/de\/mercur\/produkte\/\",\"url\":\"https:\/\/www.sterners.se\/de\/mercur\/produkte\/\",\"name\":\"Produkte\"}},{\"@type\":\"ListItem\",\"position\":4,\"item\":{\"@type\":\"WebPage\",\"@id\":\"https:\/\/www.sterners.se\/de\/mercur\/produkte\/staubsauger\/\",\"url\":\"https:\/\/www.sterners.se\/de\/mercur\/produkte\/staubsauger\/\",\"name\":\"Staubsauger\"}},{\"@type\":\"ListItem\",\"position\":5,\"item\":{\"@type\":\"WebPage\",\"@id\":\"https:\/\/www.sterners.se\/de\/mercur\/produkte\/staubsauger\/multiservice-4000\/\",\"url\":\"https:\/\/www.sterners.se\/de\/mercur\/produkte\/staubsauger\/multiservice-4000\/\",\"name\":\"Multiservice 4000\"}}]}]}<\/script>\n<!-- \/ Yoast SEO plugin. -->","_links":{"self":[{"href":"https:\/\/www.sterners.se\/de\/wp-json\/wp\/v2\/pages\/1462"}],"collection":[{"href":"https:\/\/www.sterners.se\/de\/wp-json\/wp\/v2\/pages"}],"about":[{"href":"https:\/\/www.sterners.se\/de\/wp-json\/wp\/v2\/types\/page"}],"author":[{"embeddable":true,"href":"https:\/\/www.sterners.se\/de\/wp-json\/wp\/v2\/users\/3"}],"replies":[{"embeddable":true,"href":"https:\/\/www.sterners.se\/de\/wp-json\/wp\/v2\/comments?post=1462"}],"version-history":[{"count":0,"href":"https:\/\/www.sterners.se\/de\/wp-json\/wp\/v2\/pages\/1462\/revisions"}],"up":[{"embeddable":true,"href":"https:\/\/www.sterners.se\/de\/wp-json\/wp\/v2\/pages\/1511"}],"wp:attachment":[{"href":"https:\/\/www.sterners.se\/de\/wp-json\/wp\/v2\/media?parent=1462"}],"curies":[{"name":"wp","href":"https:\/\/api.w.org\/{rel}","templated":true}]}}