{"id":1461,"date":"2019-10-29T11:29:35","date_gmt":"2019-10-29T10:29:35","guid":{"rendered":"https:\/\/www.sterners.se\/industristaubsauger\/"},"modified":"2019-10-29T11:29:35","modified_gmt":"2019-10-29T10:29:35","slug":"industristaubsauger","status":"publish","type":"page","link":"https:\/\/www.sterners.se\/de\/mercur\/produkte\/staubsauger\/industristaubsauger\/","title":{"rendered":"Industristaubsauger"},"content":{"rendered":"<h1>Industriestaubsauger<\/h1>\n<p><a href=\"https:\/\/www.sterners.se\/wp-content\/uploads\/2018\/06\/Vacuum-cleaner-industrial_h641.jpg\" target=\"_blank\" rel=\"noopener noreferrer\"><img loading=\"lazy\" class=\"alignright wp-image-551\" src=\"https:\/\/www.sterners.se\/wp-content\/uploads\/2018\/06\/Vacuum-cleaner-industrial_h641-187x300.jpg\" alt=\"\" width=\"312\" height=\"500\" srcset=\"https:\/\/www.sterners.se\/wp-content\/uploads\/2018\/06\/Vacuum-cleaner-industrial_h641-187x300.jpg 187w, https:\/\/www.sterners.se\/wp-content\/uploads\/2018\/06\/Vacuum-cleaner-industrial_h641.jpg 400w\" sizes=\"(max-width: 639px) 98vw, (max-width: 1199px) 64vw, 312px\" \/><\/a><\/p>\n<p>Der Staubsauger wird wahlweise mit oder ohne R\u00e4der geliefert.<br \/>\nF\u00fcr Werkst\u00e4tten und Tankst\u00e4llen bestens geeignet.<\/p>\n<p>&nbsp;<\/p>\n<p>&nbsp;<\/p>\n<p>&nbsp;<\/p>\n<p>&nbsp;<\/p>\n<p>&nbsp;<\/p>\n<table style=\"border-color: #8f8f8f;\" border=\"3\">\n<tbody>\n<tr>\n<td><strong><span style=\"font-size: x-small;\">INDUSTRIESTAUBSAUGER<\/span><\/strong><\/td>\n<td><strong><span style=\"font-size: x-small;\">EFFEKT<\/span><\/strong><\/td>\n<td><strong><span style=\"font-size: x-small;\">LUFTM\u00c4NGE<br \/>\n<\/span><\/strong><\/td>\n<td><strong><span style=\"font-size: x-small;\">MAX VAKUUM<\/span><\/strong><\/td>\n<td><strong><span style=\"font-size: x-small;\">ABFALLSBEH\u00c4LTER<\/span><\/strong><\/td>\n<td><strong><span style=\"font-size: x-small;\">SCHL\u00c4UCHE<\/span><\/strong><\/td>\n<td><strong><span style=\"font-size: x-small;\">DB<\/span><\/strong><\/td>\n<td><strong><span style=\"font-size: x-small;\">BxTxH mm<\/span><\/strong><\/td>\n<\/tr>\n<tr>\n<td><span style=\"font-size: x-small;\">1-fas 230 V<\/span><\/td>\n<td><span style=\"font-size: x-small;\">3000 W<\/span><\/td>\n<td><span style=\"font-size: x-small;\">410 m3\/tim<\/span><\/td>\n<td><span style=\"font-size: x-small;\">30,0 Kpa<\/span><\/td>\n<td><span style=\"font-size: x-small;\">40 liter<\/span><\/td>\n<td><span style=\"font-size: x-small;\">\u00f8 50\/38 mm, 6 m<\/span><\/td>\n<td><span style=\"font-size: x-small;\">65<\/span><\/td>\n<td><span style=\"font-size: x-small;\">440x440x930<\/span><\/td>\n<\/tr>\n<\/tbody>\n<\/table>\n<p>&nbsp;<\/p>\n","protected":false},"excerpt":{"rendered":"<p>Industriestaubsauger Der Staubsauger wird wahlweise mit oder ohne R\u00e4der geliefert. F\u00fcr Werkst\u00e4tten und Tankst\u00e4llen bestens geeignet. &nbsp; &nbsp; &nbsp; &nbsp; &nbsp; INDUSTRIESTAUBSAUGER EFFEKT LUFTM\u00c4NGE MAX VAKUUM ABFALLSBEH\u00c4LTER SCHL\u00c4UCHE DB BxTxH&#8230;<\/p>\n","protected":false},"author":3,"featured_media":0,"parent":1511,"menu_order":0,"comment_status":"closed","ping_status":"closed","template":"","meta":[],"yoast_head":"<!-- This site is optimized with the Yoast SEO plugin v16.1.1 - https:\/\/yoast.com\/wordpress\/plugins\/seo\/ -->\n<title>Industristaubsauger - Sterners<\/title>\n<link rel=\"canonical\" href=\"https:\/\/www.sterners.se\/de\/mercur\/produkte\/staubsauger\/industristaubsauger\/\" \/>\n<meta property=\"og:locale\" content=\"de_DE\" \/>\n<meta property=\"og:type\" content=\"article\" \/>\n<meta property=\"og:title\" content=\"Industristaubsauger - Sterners\" \/>\n<meta property=\"og:description\" content=\"Industriestaubsauger Der Staubsauger wird wahlweise mit oder ohne R\u00e4der geliefert. F\u00fcr Werkst\u00e4tten und Tankst\u00e4llen bestens geeignet. &nbsp; &nbsp; &nbsp; &nbsp; &nbsp; INDUSTRIESTAUBSAUGER EFFEKT LUFTM\u00c4NGE MAX VAKUUM ABFALLSBEH\u00c4LTER SCHL\u00c4UCHE DB BxTxH...\" \/>\n<meta property=\"og:url\" content=\"https:\/\/www.sterners.se\/de\/mercur\/produkte\/staubsauger\/industristaubsauger\/\" \/>\n<meta property=\"og:site_name\" content=\"Sterners\" \/>\n<meta property=\"og:image\" content=\"https:\/\/www.sterners.se\/wp-content\/uploads\/2018\/06\/Vacuum-cleaner-industrial_h641-187x300.jpg\" \/>\n<meta name=\"twitter:card\" content=\"summary_large_image\" \/>\n<script type=\"application\/ld+json\" class=\"yoast-schema-graph\">{\"@context\":\"https:\/\/schema.org\",\"@graph\":[{\"@type\":\"WebSite\",\"@id\":\"https:\/\/www.sterners.se\/#website\",\"url\":\"https:\/\/www.sterners.se\/\",\"name\":\"Sterners\",\"description\":\"Innovative solutions you meet every day\",\"potentialAction\":[{\"@type\":\"SearchAction\",\"target\":\"https:\/\/www.sterners.se\/?s={search_term_string}\",\"query-input\":\"required name=search_term_string\"}],\"inLanguage\":\"de\"},{\"@type\":\"ImageObject\",\"@id\":\"https:\/\/www.sterners.se\/de\/mercur\/produkte\/staubsauger\/industristaubsauger\/#primaryimage\",\"inLanguage\":\"de\",\"url\":\"https:\/\/www.sterners.se\/wp-content\/uploads\/2018\/06\/Vacuum-cleaner-industrial_h641.jpg\",\"contentUrl\":\"https:\/\/www.sterners.se\/wp-content\/uploads\/2018\/06\/Vacuum-cleaner-industrial_h641.jpg\",\"width\":400,\"height\":641},{\"@type\":\"WebPage\",\"@id\":\"https:\/\/www.sterners.se\/de\/mercur\/produkte\/staubsauger\/industristaubsauger\/#webpage\",\"url\":\"https:\/\/www.sterners.se\/de\/mercur\/produkte\/staubsauger\/industristaubsauger\/\",\"name\":\"Industristaubsauger - Sterners\",\"isPartOf\":{\"@id\":\"https:\/\/www.sterners.se\/#website\"},\"primaryImageOfPage\":{\"@id\":\"https:\/\/www.sterners.se\/de\/mercur\/produkte\/staubsauger\/industristaubsauger\/#primaryimage\"},\"datePublished\":\"2019-10-29T10:29:35+00:00\",\"dateModified\":\"2019-10-29T10:29:35+00:00\",\"breadcrumb\":{\"@id\":\"https:\/\/www.sterners.se\/de\/mercur\/produkte\/staubsauger\/industristaubsauger\/#breadcrumb\"},\"inLanguage\":\"de\",\"potentialAction\":[{\"@type\":\"ReadAction\",\"target\":[\"https:\/\/www.sterners.se\/de\/mercur\/produkte\/staubsauger\/industristaubsauger\/\"]}]},{\"@type\":\"BreadcrumbList\",\"@id\":\"https:\/\/www.sterners.se\/de\/mercur\/produkte\/staubsauger\/industristaubsauger\/#breadcrumb\",\"itemListElement\":[{\"@type\":\"ListItem\",\"position\":1,\"item\":{\"@type\":\"WebPage\",\"@id\":\"https:\/\/www.sterners.se\/de\/\",\"url\":\"https:\/\/www.sterners.se\/de\/\",\"name\":\"Home\"}},{\"@type\":\"ListItem\",\"position\":2,\"item\":{\"@type\":\"WebPage\",\"@id\":\"https:\/\/www.sterners.se\/de\/mercur\/\",\"url\":\"https:\/\/www.sterners.se\/de\/mercur\/\",\"name\":\"Mercur\"}},{\"@type\":\"ListItem\",\"position\":3,\"item\":{\"@type\":\"WebPage\",\"@id\":\"https:\/\/www.sterners.se\/de\/mercur\/produkte\/\",\"url\":\"https:\/\/www.sterners.se\/de\/mercur\/produkte\/\",\"name\":\"Produkte\"}},{\"@type\":\"ListItem\",\"position\":4,\"item\":{\"@type\":\"WebPage\",\"@id\":\"https:\/\/www.sterners.se\/de\/mercur\/produkte\/staubsauger\/\",\"url\":\"https:\/\/www.sterners.se\/de\/mercur\/produkte\/staubsauger\/\",\"name\":\"Staubsauger\"}},{\"@type\":\"ListItem\",\"position\":5,\"item\":{\"@type\":\"WebPage\",\"@id\":\"https:\/\/www.sterners.se\/de\/mercur\/produkte\/staubsauger\/industristaubsauger\/\",\"url\":\"https:\/\/www.sterners.se\/de\/mercur\/produkte\/staubsauger\/industristaubsauger\/\",\"name\":\"Industristaubsauger\"}}]}]}<\/script>\n<!-- \/ Yoast SEO plugin. -->","_links":{"self":[{"href":"https:\/\/www.sterners.se\/de\/wp-json\/wp\/v2\/pages\/1461"}],"collection":[{"href":"https:\/\/www.sterners.se\/de\/wp-json\/wp\/v2\/pages"}],"about":[{"href":"https:\/\/www.sterners.se\/de\/wp-json\/wp\/v2\/types\/page"}],"author":[{"embeddable":true,"href":"https:\/\/www.sterners.se\/de\/wp-json\/wp\/v2\/users\/3"}],"replies":[{"embeddable":true,"href":"https:\/\/www.sterners.se\/de\/wp-json\/wp\/v2\/comments?post=1461"}],"version-history":[{"count":0,"href":"https:\/\/www.sterners.se\/de\/wp-json\/wp\/v2\/pages\/1461\/revisions"}],"up":[{"embeddable":true,"href":"https:\/\/www.sterners.se\/de\/wp-json\/wp\/v2\/pages\/1511"}],"wp:attachment":[{"href":"https:\/\/www.sterners.se\/de\/wp-json\/wp\/v2\/media?parent=1461"}],"curies":[{"name":"wp","href":"https:\/\/api.w.org\/{rel}","templated":true}]}}