{"id":1458,"date":"2019-10-29T11:25:12","date_gmt":"2019-10-29T10:25:12","guid":{"rendered":"https:\/\/www.sterners.se\/auto-vac-4000\/"},"modified":"2019-10-30T08:50:47","modified_gmt":"2019-10-30T07:50:47","slug":"auto-vac-4000","status":"publish","type":"page","link":"https:\/\/www.sterners.se\/de\/mercur\/produkte\/staubsauger\/auto-vac-4000\/","title":{"rendered":"Auto Vac 4000"},"content":{"rendered":"<h1>Auto Vac 4000<\/h1>\n<h1><a href=\"https:\/\/www.sterners.se\/wp-content\/uploads\/2018\/06\/Autovac-2_h2000.jpg\" target=\"_blank\" rel=\"noopener noreferrer\"><img loading=\"lazy\" class=\"alignright wp-image-566\" src=\"https:\/\/www.sterners.se\/wp-content\/uploads\/2018\/06\/Autovac-2_h2000-133x300.jpg\" alt=\"\" width=\"244\" height=\"550\" srcset=\"https:\/\/www.sterners.se\/wp-content\/uploads\/2018\/06\/Autovac-2_h2000-133x300.jpg 133w, https:\/\/www.sterners.se\/wp-content\/uploads\/2018\/06\/Autovac-2_h2000-768x1729.jpg 768w, https:\/\/www.sterners.se\/wp-content\/uploads\/2018\/06\/Autovac-2_h2000-455x1024.jpg 455w, https:\/\/www.sterners.se\/wp-content\/uploads\/2018\/06\/Autovac-2_h2000-640x1441.jpg 640w, https:\/\/www.sterners.se\/wp-content\/uploads\/2018\/06\/Autovac-2_h2000.jpg 896w\" sizes=\"(max-width: 639px) 98vw, (max-width: 1199px) 64vw, 244px\" \/><\/a><\/h1>\n<p>AUTO VAC ist ein superstarker Staubsauger f\u00fcr die effektive Reinigung im Auto. Sie k\u00f6nnen zwischen doppelten 1-Phasen Motoren und kraftvollen\u00a0 &#8222;longlife&#8220; Turbinenmotoren, in 3-Phasen oder 1-Phasen Ausf\u00fchrung, w\u00e4hlen.<br \/>\nErh\u00e4ltlich mit M\u00fcnz- oder Druckknopfstart. Verschiedene Schlauchtypen. 50\/38 mm Schl\u00e4uche sind Standard. Doppelte Filtersysteme und eine einfache Entleerung der Schmutzbeh\u00e4lter. AUTO VAC werden aus rostfreiem Stahl hergestellt.<\/p>\n<h4>Zuwahl<\/h4>\n<p>\u2022 Druckluftd\u00fcsen f\u00fcr reng\u00f6ring av interi\u00f6r.<\/p>\n<p>(Bilder unten: Doppelfilter (links) und Druckluftd\u00fcsen.)<\/p>\n<p><a href=\"https:\/\/www.sterners.se\/wp-content\/uploads\/2018\/06\/Autovac-3-sma\u030abilder_b1356.jpg\" target=\"_blank\" rel=\"noopener noreferrer\"><img loading=\"lazy\" class=\"alignleft wp-image-563 size-medium\" src=\"https:\/\/www.sterners.se\/wp-content\/uploads\/2018\/06\/Autovac-3-sma\u030abilder_b1356-300x85.jpg\" alt=\"\" width=\"300\" height=\"85\" srcset=\"https:\/\/www.sterners.se\/wp-content\/uploads\/2018\/06\/Autovac-3-sma\u030abilder_b1356-300x85.jpg 300w, https:\/\/www.sterners.se\/wp-content\/uploads\/2018\/06\/Autovac-3-sma\u030abilder_b1356-768x218.jpg 768w, https:\/\/www.sterners.se\/wp-content\/uploads\/2018\/06\/Autovac-3-sma\u030abilder_b1356-1024x291.jpg 1024w, https:\/\/www.sterners.se\/wp-content\/uploads\/2018\/06\/Autovac-3-sma\u030abilder_b1356-640x182.jpg 640w, https:\/\/www.sterners.se\/wp-content\/uploads\/2018\/06\/Autovac-3-sma\u030abilder_b1356-1200x341.jpg 1200w, https:\/\/www.sterners.se\/wp-content\/uploads\/2018\/06\/Autovac-3-sma\u030abilder_b1356.jpg 1356w\" sizes=\"(max-width: 639px) 98vw, (max-width: 1199px) 64vw, 300px\" \/><\/a><\/p>\n<p>&nbsp;<\/p>\n<p>&nbsp;<br \/>\n&nbsp;<\/p>\n<table style=\"border-color: #8f8f8f;\" border=\"3\">\n<tbody>\n<tr style=\"height: 68px;\">\n<td style=\"height: 68px;\"><strong><span style=\"font-size: x-small;\">MOTOR<\/span><\/strong><\/td>\n<td style=\"height: 68px;\"><strong><span style=\"font-size: x-small;\">EFFEKT<\/span><\/strong><\/td>\n<td style=\"height: 68px;\"><strong><span style=\"font-size: x-small;\">LUFTM\u00c4NGD<\/span><\/strong><\/td>\n<td style=\"height: 68px;\"><strong><span style=\"font-size: x-small;\">MAX VAKUUM<\/span><\/strong><\/td>\n<td style=\"height: 68px;\"><strong><span style=\"font-size: x-small;\">AVFALLSBEH\u00c5LLARE<\/span><\/strong><\/td>\n<td style=\"height: 68px;\"><strong><span style=\"font-size: x-small;\">SLANGUTRUSTNING<\/span><\/strong><\/td>\n<td style=\"height: 68px;\"><strong><span style=\"font-size: x-small;\">B x D x H mm<\/span><\/strong><\/td>\n<\/tr>\n<tr style=\"height: 67px;\">\n<td style=\"height: 67px;\"><span style=\"font-size: x-small;\">3-fas<br \/>\n400 V<\/span><\/td>\n<td style=\"height: 67px;\"><span style=\"font-size: x-small;\">3000 W<\/span><\/td>\n<td style=\"height: 67px;\"><span style=\"font-size: x-small;\">410 m3\/tim<\/span><\/td>\n<td style=\"height: 67px;\"><span style=\"font-size: x-small;\">30,0 Kpa<\/span><\/td>\n<td style=\"height: 67px;\"><span style=\"font-size: x-small;\">40 liter<\/span><\/td>\n<td style=\"height: 67px;\"><span style=\"font-size: x-small;\">\u00f8 50\/38 mm, 6 mt<\/span><\/td>\n<td style=\"height: 67px;\"><span style=\"font-size: x-small;\">685x545x1400\/2400<\/span><\/td>\n<\/tr>\n<tr style=\"height: 67px;\">\n<td style=\"height: 67px;\"><span style=\"font-size: x-small;\">3-fas<br \/>\n400 V<\/span><\/td>\n<td style=\"height: 67px;\"><span style=\"font-size: x-small;\">2200 W<\/span><\/td>\n<td style=\"height: 67px;\"><span style=\"font-size: x-small;\">310 m3\/tim<\/span><\/td>\n<td style=\"height: 67px;\"><span style=\"font-size: x-small;\">29,0 Kpa<\/span><\/td>\n<td style=\"height: 67px;\"><span style=\"font-size: x-small;\">40 liter<\/span><\/td>\n<td style=\"height: 67px;\"><span style=\"font-size: x-small;\">\u00f8 50\/38 mm, 6 mt<\/span><\/td>\n<td style=\"height: 67px;\"><span style=\"font-size: x-small;\">685x545x1400\/2400<\/span><\/td>\n<\/tr>\n<tr style=\"height: 68px;\">\n<td style=\"height: 68px;\"><span style=\"font-size: x-small;\">1-fas<br \/>\n230 V<\/span><\/td>\n<td style=\"height: 68px;\"><span style=\"font-size: x-small;\">1100 W<\/span><\/td>\n<td style=\"height: 68px;\"><span style=\"font-size: x-small;\">210 m3\/tim<\/span><\/td>\n<td style=\"height: 68px;\"><span style=\"font-size: x-small;\">20,5 Kpa<\/span><\/td>\n<td style=\"height: 68px;\"><span style=\"font-size: x-small;\">40 liter<\/span><\/td>\n<td style=\"height: 68px;\"><span style=\"font-size: x-small;\">\u00f8 50\/38 mm, 6 mt<\/span><\/td>\n<td style=\"height: 68px;\"><span style=\"font-size: x-small;\">685x545x1400\/2400<\/span><\/td>\n<\/tr>\n<\/tbody>\n<\/table>\n<p><\/p>\n","protected":false},"excerpt":{"rendered":"<p>Auto Vac 4000 AUTO VAC ist ein superstarker Staubsauger f\u00fcr die effektive Reinigung im Auto. Sie k\u00f6nnen zwischen doppelten 1-Phasen Motoren und kraftvollen\u00a0 &#8222;longlife&#8220; Turbinenmotoren, in 3-Phasen oder 1-Phasen Ausf\u00fchrung,&#8230;<\/p>\n","protected":false},"author":3,"featured_media":0,"parent":1511,"menu_order":0,"comment_status":"closed","ping_status":"closed","template":"","meta":[],"yoast_head":"<!-- This site is optimized with the Yoast SEO plugin v16.1.1 - https:\/\/yoast.com\/wordpress\/plugins\/seo\/ -->\n<title>Auto Vac 4000 - Sterners<\/title>\n<link rel=\"canonical\" href=\"https:\/\/www.sterners.se\/de\/mercur\/produkte\/staubsauger\/auto-vac-4000\/\" \/>\n<meta property=\"og:locale\" content=\"de_DE\" \/>\n<meta property=\"og:type\" content=\"article\" \/>\n<meta property=\"og:title\" content=\"Auto Vac 4000 - Sterners\" \/>\n<meta property=\"og:description\" content=\"Auto Vac 4000 AUTO VAC ist ein superstarker Staubsauger f\u00fcr die effektive Reinigung im Auto. Sie k\u00f6nnen zwischen doppelten 1-Phasen Motoren und kraftvollen\u00a0 &#8222;longlife&#8220; Turbinenmotoren, in 3-Phasen oder 1-Phasen Ausf\u00fchrung,...\" \/>\n<meta property=\"og:url\" content=\"https:\/\/www.sterners.se\/de\/mercur\/produkte\/staubsauger\/auto-vac-4000\/\" \/>\n<meta property=\"og:site_name\" content=\"Sterners\" \/>\n<meta property=\"article:modified_time\" content=\"2019-10-30T07:50:47+00:00\" \/>\n<meta property=\"og:image\" content=\"https:\/\/www.sterners.se\/wp-content\/uploads\/2018\/06\/Autovac-2_h2000-133x300.jpg\" \/>\n<meta name=\"twitter:card\" content=\"summary_large_image\" \/>\n<meta name=\"twitter:label1\" content=\"Gesch\u00e4tzte Lesezeit\">\n\t<meta name=\"twitter:data1\" content=\"1\u00a0Minute\">\n<script type=\"application\/ld+json\" class=\"yoast-schema-graph\">{\"@context\":\"https:\/\/schema.org\",\"@graph\":[{\"@type\":\"WebSite\",\"@id\":\"https:\/\/www.sterners.se\/#website\",\"url\":\"https:\/\/www.sterners.se\/\",\"name\":\"Sterners\",\"description\":\"Innovative solutions you meet every day\",\"potentialAction\":[{\"@type\":\"SearchAction\",\"target\":\"https:\/\/www.sterners.se\/?s={search_term_string}\",\"query-input\":\"required name=search_term_string\"}],\"inLanguage\":\"de\"},{\"@type\":\"ImageObject\",\"@id\":\"https:\/\/www.sterners.se\/de\/mercur\/produkte\/staubsauger\/auto-vac-4000\/#primaryimage\",\"inLanguage\":\"de\",\"url\":\"https:\/\/www.sterners.se\/wp-content\/uploads\/2018\/06\/Autovac-2_h2000.jpg\",\"contentUrl\":\"https:\/\/www.sterners.se\/wp-content\/uploads\/2018\/06\/Autovac-2_h2000.jpg\",\"width\":896,\"height\":2017},{\"@type\":\"WebPage\",\"@id\":\"https:\/\/www.sterners.se\/de\/mercur\/produkte\/staubsauger\/auto-vac-4000\/#webpage\",\"url\":\"https:\/\/www.sterners.se\/de\/mercur\/produkte\/staubsauger\/auto-vac-4000\/\",\"name\":\"Auto Vac 4000 - Sterners\",\"isPartOf\":{\"@id\":\"https:\/\/www.sterners.se\/#website\"},\"primaryImageOfPage\":{\"@id\":\"https:\/\/www.sterners.se\/de\/mercur\/produkte\/staubsauger\/auto-vac-4000\/#primaryimage\"},\"datePublished\":\"2019-10-29T10:25:12+00:00\",\"dateModified\":\"2019-10-30T07:50:47+00:00\",\"breadcrumb\":{\"@id\":\"https:\/\/www.sterners.se\/de\/mercur\/produkte\/staubsauger\/auto-vac-4000\/#breadcrumb\"},\"inLanguage\":\"de\",\"potentialAction\":[{\"@type\":\"ReadAction\",\"target\":[\"https:\/\/www.sterners.se\/de\/mercur\/produkte\/staubsauger\/auto-vac-4000\/\"]}]},{\"@type\":\"BreadcrumbList\",\"@id\":\"https:\/\/www.sterners.se\/de\/mercur\/produkte\/staubsauger\/auto-vac-4000\/#breadcrumb\",\"itemListElement\":[{\"@type\":\"ListItem\",\"position\":1,\"item\":{\"@type\":\"WebPage\",\"@id\":\"https:\/\/www.sterners.se\/de\/\",\"url\":\"https:\/\/www.sterners.se\/de\/\",\"name\":\"Home\"}},{\"@type\":\"ListItem\",\"position\":2,\"item\":{\"@type\":\"WebPage\",\"@id\":\"https:\/\/www.sterners.se\/de\/mercur\/\",\"url\":\"https:\/\/www.sterners.se\/de\/mercur\/\",\"name\":\"Mercur\"}},{\"@type\":\"ListItem\",\"position\":3,\"item\":{\"@type\":\"WebPage\",\"@id\":\"https:\/\/www.sterners.se\/de\/mercur\/produkte\/\",\"url\":\"https:\/\/www.sterners.se\/de\/mercur\/produkte\/\",\"name\":\"Produkte\"}},{\"@type\":\"ListItem\",\"position\":4,\"item\":{\"@type\":\"WebPage\",\"@id\":\"https:\/\/www.sterners.se\/de\/mercur\/produkte\/staubsauger\/\",\"url\":\"https:\/\/www.sterners.se\/de\/mercur\/produkte\/staubsauger\/\",\"name\":\"Staubsauger\"}},{\"@type\":\"ListItem\",\"position\":5,\"item\":{\"@type\":\"WebPage\",\"@id\":\"https:\/\/www.sterners.se\/de\/mercur\/produkte\/staubsauger\/auto-vac-4000\/\",\"url\":\"https:\/\/www.sterners.se\/de\/mercur\/produkte\/staubsauger\/auto-vac-4000\/\",\"name\":\"Auto Vac 4000\"}}]}]}<\/script>\n<!-- \/ Yoast SEO plugin. -->","_links":{"self":[{"href":"https:\/\/www.sterners.se\/de\/wp-json\/wp\/v2\/pages\/1458"}],"collection":[{"href":"https:\/\/www.sterners.se\/de\/wp-json\/wp\/v2\/pages"}],"about":[{"href":"https:\/\/www.sterners.se\/de\/wp-json\/wp\/v2\/types\/page"}],"author":[{"embeddable":true,"href":"https:\/\/www.sterners.se\/de\/wp-json\/wp\/v2\/users\/3"}],"replies":[{"embeddable":true,"href":"https:\/\/www.sterners.se\/de\/wp-json\/wp\/v2\/comments?post=1458"}],"version-history":[{"count":1,"href":"https:\/\/www.sterners.se\/de\/wp-json\/wp\/v2\/pages\/1458\/revisions"}],"predecessor-version":[{"id":1467,"href":"https:\/\/www.sterners.se\/de\/wp-json\/wp\/v2\/pages\/1458\/revisions\/1467"}],"up":[{"embeddable":true,"href":"https:\/\/www.sterners.se\/de\/wp-json\/wp\/v2\/pages\/1511"}],"wp:attachment":[{"href":"https:\/\/www.sterners.se\/de\/wp-json\/wp\/v2\/media?parent=1458"}],"curies":[{"name":"wp","href":"https:\/\/api.w.org\/{rel}","templated":true}]}}